{"id":1784,"date":"2021-01-25T08:16:23","date_gmt":"2021-01-25T13:16:23","guid":{"rendered":"https:\/\/www.spanco.com\/oportunidad-laboral\/"},"modified":"2024-02-20T09:59:18","modified_gmt":"2024-02-20T14:59:18","slug":"oportunidad-laboral","status":"publish","type":"page","link":"https:\/\/www.spanco.com\/es\/oportunidad-laboral\/","title":{"rendered":"Oportunidad Laboral"},"content":{"rendered":"\n<p>\u00bfTiene lo que se necesita para trabajar con un equipo de profesionales dedicados, innovadores y orientados a ofrecer soluciones? En Spanco, damos \u00e9nfasis primordialmente a la calidad integral de cada postulante. Estar familiarizado con nuestros productos o con el sector no es un requisito fundamental para ser contratado. El candidato ideal tiene que contar con las siguientes caracter\u00edsticas:\n\n<\/p>\n\n\n\n<ul class=\"wp-block-list\">\n<li>S\u00f3lidas competencias comunicativas y capacidad para resolver problemas<\/li>\n\n\n\n<li>Capacidad para aprender r\u00e1pidamente y desarrollar soluciones de calidad<\/li>\n\n\n\n<li>Motivaci\u00f3n para superar las expectativas d\u00eda a d\u00eda<\/li>\n<\/ul>\n\n\n\n<p>Esto es porque creemos que la calidad es el factor m\u00e1s importante para desarrollar un equipo eficaz y establecer un ambiente positivo que sea propicio para nuestra visi\u00f3n compartida.<\/p>\n\n\n\n<p>En Spanco, vemos a nuestro personal como un componente esencial para alcanzar el \u00e9xito continuo. Valoramos la innovaci\u00f3n y la dedicaci\u00f3n y todo el tiempo en busca de personas con formas de pensar originales que nos ayuden a dar saltos creativos en la industria del manejo de materiales y mejorar consistentemente la calidad en nuestros productos y est\u00e1ndares de servicio al cliente.<\/p>\n\n\n\n<p>Con plantas en la Costa Este y la Costa Oeste, estamos constantemente publicando nuevos avisos de convocatoria exactamente aqu\u00ed en la p\u00e1gina de Oportunidades Laborales de Spanco.<\/p>\n\n\n\n<p>Buscamos personas con talento y capacidad para convertirse en pioneros en su campo. Espec\u00edficamente, buscamos postulantes con las siguientes caracter\u00edsticas:<\/p>\n\n\n\n<ul class=\"wp-block-list\">\n<li>Motivados y confiables<\/li>\n\n\n\n<li>Innovadores y vehementes<\/li>\n\n\n\n<li>Proactivos y optimistas<\/li>\n\n\n\n<li>Orientados al trabajo en equipo y flexibles<\/li>\n\n\n\n<li>Trabajadores y entusiastas<\/li>\n<\/ul>\n\n\n\n<p>Si cree que tiene las competencias que estamos buscando, no dude con enviar su hoja de vida a&nbsp;<a href=\"mailto:info@spanco.com?subject=I%27m%20interested%20in%20employment%20with%20Spanco\">info@spanco.com<\/a>.\n\n&nbsp;<\/p>\n\n\n\n<div style=\"height:20px\" aria-hidden=\"true\" class=\"wp-block-spacer\"><\/div>\n\n\n\n<hr class=\"wp-block-separator has-css-opacity\"\/>\n\n\n\n<div style=\"height:20px\" aria-hidden=\"true\" class=\"wp-block-spacer\"><\/div>\n\n\n\n<h2 class=\"wp-block-heading\">VACANTES<\/h2>\n\n\n\n<h4 class=\"wp-block-heading\">PR\u00c1CTICAS PREPROFESIONALES Y PASANT\u00cdAS EN INGENIER\u00cdA<\/h4>\n\n\n\n<p><strong>Puesto:<\/strong>&nbsp;Pr\u00e1cticas preprofesionales en ingenier\u00eda y dise\u00f1o\n\n&nbsp;<\/p>\n\n\n\n<p><strong>Descripci\u00f3n:<\/strong>\u00a0Este puesto ofrece valiosa experiencia pr\u00e1ctica de ingenier\u00eda que los empleadores con frecuencia buscan y que es un componente fundamental para iniciar una carrera en ingenier\u00eda. El o la practicante adquirir\u00e1 experiencia pr\u00e1ctica especializada en un entorno industrial variado, conocimiento sobre programas de software a nivel superior y la capacidad de aplicar competencias de ingenier\u00eda en forma pr\u00e1ctica y efectiva. El o la practicante tendr\u00e1 la oportunidad de ver un proceso de ingenier\u00eda desde el comienzo hasta el final y de recibir la capacitaci\u00f3n que dicho proceso requiere. Para mayor informaci\u00f3n, lea nuestro\u00a0<a href=\"https:\/\/www.spanco.com\/wp-content\/uploads\/2023\/10\/Eng_Inter_Flyer-20243.pdf\">Informativo sobre pr\u00e1cticas de ingenier\u00eda en Spanco.<\/a> \u00a0<\/p>\n\n\n\n<div style=\"height:20px\" aria-hidden=\"true\" class=\"wp-block-spacer\"><\/div>\n\n\n\n<hr class=\"wp-block-separator has-css-opacity\"\/>\n\n\n\n<div style=\"height:20px\" aria-hidden=\"true\" class=\"wp-block-spacer\"><\/div>\n\n\n\n<h4 class=\"wp-block-heading\"><\/h4>\n","protected":false},"excerpt":{"rendered":"<p>\u00bfTiene lo que se necesita para trabajar con un equipo de profesionales dedicados, innovadores y orientados a ofrecer soluciones? En Spanco, damos \u00e9nfasis primordialmente a la calidad integral de cada postulante. Estar familiarizado con nuestros productos o con el sector no es un requisito fundamental para ser contratado. El candidato ideal tiene que contar con&hellip;<\/p>\n","protected":false},"author":1,"featured_media":0,"parent":0,"menu_order":0,"comment_status":"closed","ping_status":"closed","template":"","meta":{"_acf_changed":false,"footnotes":""},"class_list":["post-1784","page","type-page","status-publish","hentry"],"acf":[],"yoast_head":"<!-- This site is optimized with the Yoast SEO plugin v27.0 - https:\/\/yoast.com\/product\/yoast-seo-wordpress\/ -->\n<title>Oportunidad Laboral - Spanco<\/title>\n<meta name=\"robots\" content=\"index, follow, max-snippet:-1, max-image-preview:large, max-video-preview:-1\" \/>\n<link rel=\"canonical\" href=\"https:\/\/www.spanco.com\/es\/oportunidad-laboral\/\" \/>\n<meta property=\"og:locale\" content=\"es_ES\" \/>\n<meta property=\"og:type\" content=\"article\" \/>\n<meta property=\"og:title\" content=\"Oportunidad Laboral - Spanco\" \/>\n<meta property=\"og:description\" content=\"\u00bfTiene lo que se necesita para trabajar con un equipo de profesionales dedicados, innovadores y orientados a ofrecer soluciones? En Spanco, damos \u00e9nfasis primordialmente a la calidad integral de cada postulante. Estar familiarizado con nuestros productos o con el sector no es un requisito fundamental para ser contratado. El candidato ideal tiene que contar con&hellip;\" \/>\n<meta property=\"og:url\" content=\"https:\/\/www.spanco.com\/es\/oportunidad-laboral\/\" \/>\n<meta property=\"og:site_name\" content=\"Spanco\" \/>\n<meta property=\"article:modified_time\" content=\"2024-02-20T14:59:18+00:00\" \/>\n<meta name=\"twitter:card\" content=\"summary_large_image\" \/>\n<meta name=\"twitter:label1\" content=\"Tiempo de lectura\" \/>\n\t<meta name=\"twitter:data1\" content=\"2 minutos\" \/>\n<script type=\"application\/ld+json\" class=\"yoast-schema-graph\">{\"@context\":\"https:\/\/schema.org\",\"@graph\":[{\"@type\":\"WebPage\",\"@id\":\"https:\/\/www.spanco.com\/es\/oportunidad-laboral\/\",\"url\":\"https:\/\/www.spanco.com\/es\/oportunidad-laboral\/\",\"name\":\"Oportunidad Laboral - Spanco\",\"isPartOf\":{\"@id\":\"https:\/\/www.spanco.com\/#website\"},\"datePublished\":\"2021-01-25T13:16:23+00:00\",\"dateModified\":\"2024-02-20T14:59:18+00:00\",\"breadcrumb\":{\"@id\":\"https:\/\/www.spanco.com\/es\/oportunidad-laboral\/#breadcrumb\"},\"inLanguage\":\"es\",\"potentialAction\":[{\"@type\":\"ReadAction\",\"target\":[\"https:\/\/www.spanco.com\/es\/oportunidad-laboral\/\"]}]},{\"@type\":\"BreadcrumbList\",\"@id\":\"https:\/\/www.spanco.com\/es\/oportunidad-laboral\/#breadcrumb\",\"itemListElement\":[{\"@type\":\"ListItem\",\"position\":1,\"name\":\"Home\",\"item\":\"https:\/\/www.spanco.com\/es\/casa\/\"},{\"@type\":\"ListItem\",\"position\":2,\"name\":\"Oportunidad Laboral\"}]},{\"@type\":\"WebSite\",\"@id\":\"https:\/\/www.spanco.com\/#website\",\"url\":\"https:\/\/www.spanco.com\/\",\"name\":\"Spanco\",\"description\":\"Explore Our Products - Materials Handling Solutions\",\"publisher\":{\"@id\":\"https:\/\/www.spanco.com\/#organization\"},\"potentialAction\":[{\"@type\":\"SearchAction\",\"target\":{\"@type\":\"EntryPoint\",\"urlTemplate\":\"https:\/\/www.spanco.com\/?s={search_term_string}\"},\"query-input\":{\"@type\":\"PropertyValueSpecification\",\"valueRequired\":true,\"valueName\":\"search_term_string\"}}],\"inLanguage\":\"es\"},{\"@type\":\"Organization\",\"@id\":\"https:\/\/www.spanco.com\/#organization\",\"name\":\"Spanco\",\"url\":\"https:\/\/www.spanco.com\/\",\"logo\":{\"@type\":\"ImageObject\",\"inLanguage\":\"es\",\"@id\":\"https:\/\/www.spanco.com\/#\/schema\/logo\/image\/\",\"url\":\"https:\/\/www.spanco.com\/wp-content\/uploads\/2020\/07\/SPANCO-logo-tagline.svg\",\"contentUrl\":\"https:\/\/www.spanco.com\/wp-content\/uploads\/2020\/07\/SPANCO-logo-tagline.svg\",\"width\":1,\"height\":1,\"caption\":\"Spanco\"},\"image\":{\"@id\":\"https:\/\/www.spanco.com\/#\/schema\/logo\/image\/\"}}]}<\/script>\n<!-- \/ Yoast SEO plugin. -->","yoast_head_json":{"title":"Oportunidad Laboral - Spanco","robots":{"index":"index","follow":"follow","max-snippet":"max-snippet:-1","max-image-preview":"max-image-preview:large","max-video-preview":"max-video-preview:-1"},"canonical":"https:\/\/www.spanco.com\/es\/oportunidad-laboral\/","og_locale":"es_ES","og_type":"article","og_title":"Oportunidad Laboral - Spanco","og_description":"\u00bfTiene lo que se necesita para trabajar con un equipo de profesionales dedicados, innovadores y orientados a ofrecer soluciones? En Spanco, damos \u00e9nfasis primordialmente a la calidad integral de cada postulante. Estar familiarizado con nuestros productos o con el sector no es un requisito fundamental para ser contratado. El candidato ideal tiene que contar con&hellip;","og_url":"https:\/\/www.spanco.com\/es\/oportunidad-laboral\/","og_site_name":"Spanco","article_modified_time":"2024-02-20T14:59:18+00:00","twitter_card":"summary_large_image","twitter_misc":{"Tiempo de lectura":"2 minutos"},"schema":{"@context":"https:\/\/schema.org","@graph":[{"@type":"WebPage","@id":"https:\/\/www.spanco.com\/es\/oportunidad-laboral\/","url":"https:\/\/www.spanco.com\/es\/oportunidad-laboral\/","name":"Oportunidad Laboral - Spanco","isPartOf":{"@id":"https:\/\/www.spanco.com\/#website"},"datePublished":"2021-01-25T13:16:23+00:00","dateModified":"2024-02-20T14:59:18+00:00","breadcrumb":{"@id":"https:\/\/www.spanco.com\/es\/oportunidad-laboral\/#breadcrumb"},"inLanguage":"es","potentialAction":[{"@type":"ReadAction","target":["https:\/\/www.spanco.com\/es\/oportunidad-laboral\/"]}]},{"@type":"BreadcrumbList","@id":"https:\/\/www.spanco.com\/es\/oportunidad-laboral\/#breadcrumb","itemListElement":[{"@type":"ListItem","position":1,"name":"Home","item":"https:\/\/www.spanco.com\/es\/casa\/"},{"@type":"ListItem","position":2,"name":"Oportunidad Laboral"}]},{"@type":"WebSite","@id":"https:\/\/www.spanco.com\/#website","url":"https:\/\/www.spanco.com\/","name":"Spanco","description":"Explore Our Products - Materials Handling Solutions","publisher":{"@id":"https:\/\/www.spanco.com\/#organization"},"potentialAction":[{"@type":"SearchAction","target":{"@type":"EntryPoint","urlTemplate":"https:\/\/www.spanco.com\/?s={search_term_string}"},"query-input":{"@type":"PropertyValueSpecification","valueRequired":true,"valueName":"search_term_string"}}],"inLanguage":"es"},{"@type":"Organization","@id":"https:\/\/www.spanco.com\/#organization","name":"Spanco","url":"https:\/\/www.spanco.com\/","logo":{"@type":"ImageObject","inLanguage":"es","@id":"https:\/\/www.spanco.com\/#\/schema\/logo\/image\/","url":"https:\/\/www.spanco.com\/wp-content\/uploads\/2020\/07\/SPANCO-logo-tagline.svg","contentUrl":"https:\/\/www.spanco.com\/wp-content\/uploads\/2020\/07\/SPANCO-logo-tagline.svg","width":1,"height":1,"caption":"Spanco"},"image":{"@id":"https:\/\/www.spanco.com\/#\/schema\/logo\/image\/"}}]}},"_links":{"self":[{"href":"https:\/\/www.spanco.com\/es\/wp-json\/wp\/v2\/pages\/1784","targetHints":{"allow":["GET"]}}],"collection":[{"href":"https:\/\/www.spanco.com\/es\/wp-json\/wp\/v2\/pages"}],"about":[{"href":"https:\/\/www.spanco.com\/es\/wp-json\/wp\/v2\/types\/page"}],"author":[{"embeddable":true,"href":"https:\/\/www.spanco.com\/es\/wp-json\/wp\/v2\/users\/1"}],"replies":[{"embeddable":true,"href":"https:\/\/www.spanco.com\/es\/wp-json\/wp\/v2\/comments?post=1784"}],"version-history":[{"count":0,"href":"https:\/\/www.spanco.com\/es\/wp-json\/wp\/v2\/pages\/1784\/revisions"}],"wp:attachment":[{"href":"https:\/\/www.spanco.com\/es\/wp-json\/wp\/v2\/media?parent=1784"}],"curies":[{"name":"wp","href":"https:\/\/api.w.org\/{rel}","templated":true}]}}