{"id":1786,"date":"2021-01-25T08:22:15","date_gmt":"2021-01-25T13:22:15","guid":{"rendered":"https:\/\/www.spanco.com\/privacidad\/"},"modified":"2021-09-02T08:09:10","modified_gmt":"2021-09-02T12:09:10","slug":"privacidad","status":"publish","type":"page","link":"https:\/\/www.spanco.com\/es\/privacidad\/","title":{"rendered":"PRIVACIDAD"},"content":{"rendered":"\n<p>Tomamos su privacidad muy seriamente. No vendemos ni compartimos su nombre, empresa, direcci\u00f3n postal, n\u00famero de tel\u00e9fono, direcci\u00f3n electr\u00f3nica, datos de su tarjeta de cr\u00e9dito ni ninguna otra informaci\u00f3n que pueda identificarse personalmente a nadie.<\/p>\n\n\n\n<p>Adem\u00e1s, contamos con t\u00e9cnicas avanzadas para que ninguna persona no autorizada acceda a su informaci\u00f3n. Apreciamos y atesoramos su confianza en nosotros.<\/p>\n","protected":false},"excerpt":{"rendered":"<p>Tomamos su privacidad muy seriamente. No vendemos ni compartimos su nombre, empresa, direcci\u00f3n postal, n\u00famero de tel\u00e9fono, direcci\u00f3n electr\u00f3nica, datos de su tarjeta de cr\u00e9dito ni ninguna otra informaci\u00f3n que pueda identificarse personalmente a nadie. Adem\u00e1s, contamos con t\u00e9cnicas avanzadas para que ninguna persona no autorizada acceda a su informaci\u00f3n. Apreciamos y atesoramos su confianza&hellip;<\/p>\n","protected":false},"author":1,"featured_media":0,"parent":0,"menu_order":0,"comment_status":"closed","ping_status":"closed","template":"","meta":{"_acf_changed":false,"footnotes":""},"class_list":["post-1786","page","type-page","status-publish","hentry"],"acf":[],"yoast_head":"<!-- This site is optimized with the Yoast SEO plugin v27.0 - https:\/\/yoast.com\/product\/yoast-seo-wordpress\/ -->\n<title>PRIVACIDAD - Spanco<\/title>\n<meta name=\"description\" content=\"En Spanco nos tomamos muy en serio la privacidad para que su informaci\u00f3n se mantenga segura. \u00a1Aprende m\u00e1s!\" \/>\n<meta name=\"robots\" content=\"index, follow, max-snippet:-1, max-image-preview:large, max-video-preview:-1\" \/>\n<link rel=\"canonical\" href=\"https:\/\/www.spanco.com\/es\/privacidad\/\" \/>\n<meta property=\"og:locale\" content=\"es_ES\" \/>\n<meta property=\"og:type\" content=\"article\" \/>\n<meta property=\"og:title\" content=\"PRIVACIDAD - Spanco\" \/>\n<meta property=\"og:description\" content=\"En Spanco nos tomamos muy en serio la privacidad para que su informaci\u00f3n se mantenga segura. \u00a1Aprende m\u00e1s!\" \/>\n<meta property=\"og:url\" content=\"https:\/\/www.spanco.com\/es\/privacidad\/\" \/>\n<meta property=\"og:site_name\" content=\"Spanco\" \/>\n<meta property=\"article:modified_time\" content=\"2021-09-02T12:09:10+00:00\" \/>\n<meta name=\"twitter:card\" content=\"summary_large_image\" \/>\n<meta name=\"twitter:label1\" content=\"Tiempo de lectura\" \/>\n\t<meta name=\"twitter:data1\" content=\"1 minuto\" \/>\n<script type=\"application\/ld+json\" class=\"yoast-schema-graph\">{\"@context\":\"https:\/\/schema.org\",\"@graph\":[{\"@type\":\"WebPage\",\"@id\":\"https:\/\/www.spanco.com\/es\/privacidad\/\",\"url\":\"https:\/\/www.spanco.com\/es\/privacidad\/\",\"name\":\"PRIVACIDAD - Spanco\",\"isPartOf\":{\"@id\":\"https:\/\/www.spanco.com\/#website\"},\"datePublished\":\"2021-01-25T13:22:15+00:00\",\"dateModified\":\"2021-09-02T12:09:10+00:00\",\"description\":\"En Spanco nos tomamos muy en serio la privacidad para que su informaci\u00f3n se mantenga segura. \u00a1Aprende m\u00e1s!\",\"breadcrumb\":{\"@id\":\"https:\/\/www.spanco.com\/es\/privacidad\/#breadcrumb\"},\"inLanguage\":\"es\",\"potentialAction\":[{\"@type\":\"ReadAction\",\"target\":[\"https:\/\/www.spanco.com\/es\/privacidad\/\"]}]},{\"@type\":\"BreadcrumbList\",\"@id\":\"https:\/\/www.spanco.com\/es\/privacidad\/#breadcrumb\",\"itemListElement\":[{\"@type\":\"ListItem\",\"position\":1,\"name\":\"Home\",\"item\":\"https:\/\/www.spanco.com\/es\/casa\/\"},{\"@type\":\"ListItem\",\"position\":2,\"name\":\"PRIVACIDAD\"}]},{\"@type\":\"WebSite\",\"@id\":\"https:\/\/www.spanco.com\/#website\",\"url\":\"https:\/\/www.spanco.com\/\",\"name\":\"Spanco\",\"description\":\"Explore Our Products - Materials Handling Solutions\",\"publisher\":{\"@id\":\"https:\/\/www.spanco.com\/#organization\"},\"potentialAction\":[{\"@type\":\"SearchAction\",\"target\":{\"@type\":\"EntryPoint\",\"urlTemplate\":\"https:\/\/www.spanco.com\/?s={search_term_string}\"},\"query-input\":{\"@type\":\"PropertyValueSpecification\",\"valueRequired\":true,\"valueName\":\"search_term_string\"}}],\"inLanguage\":\"es\"},{\"@type\":\"Organization\",\"@id\":\"https:\/\/www.spanco.com\/#organization\",\"name\":\"Spanco\",\"url\":\"https:\/\/www.spanco.com\/\",\"logo\":{\"@type\":\"ImageObject\",\"inLanguage\":\"es\",\"@id\":\"https:\/\/www.spanco.com\/#\/schema\/logo\/image\/\",\"url\":\"https:\/\/www.spanco.com\/wp-content\/uploads\/2020\/07\/SPANCO-logo-tagline.svg\",\"contentUrl\":\"https:\/\/www.spanco.com\/wp-content\/uploads\/2020\/07\/SPANCO-logo-tagline.svg\",\"width\":1,\"height\":1,\"caption\":\"Spanco\"},\"image\":{\"@id\":\"https:\/\/www.spanco.com\/#\/schema\/logo\/image\/\"}}]}<\/script>\n<!-- \/ Yoast SEO plugin. -->","yoast_head_json":{"title":"PRIVACIDAD - Spanco","description":"En Spanco nos tomamos muy en serio la privacidad para que su informaci\u00f3n se mantenga segura. \u00a1Aprende m\u00e1s!","robots":{"index":"index","follow":"follow","max-snippet":"max-snippet:-1","max-image-preview":"max-image-preview:large","max-video-preview":"max-video-preview:-1"},"canonical":"https:\/\/www.spanco.com\/es\/privacidad\/","og_locale":"es_ES","og_type":"article","og_title":"PRIVACIDAD - Spanco","og_description":"En Spanco nos tomamos muy en serio la privacidad para que su informaci\u00f3n se mantenga segura. \u00a1Aprende m\u00e1s!","og_url":"https:\/\/www.spanco.com\/es\/privacidad\/","og_site_name":"Spanco","article_modified_time":"2021-09-02T12:09:10+00:00","twitter_card":"summary_large_image","twitter_misc":{"Tiempo de lectura":"1 minuto"},"schema":{"@context":"https:\/\/schema.org","@graph":[{"@type":"WebPage","@id":"https:\/\/www.spanco.com\/es\/privacidad\/","url":"https:\/\/www.spanco.com\/es\/privacidad\/","name":"PRIVACIDAD - Spanco","isPartOf":{"@id":"https:\/\/www.spanco.com\/#website"},"datePublished":"2021-01-25T13:22:15+00:00","dateModified":"2021-09-02T12:09:10+00:00","description":"En Spanco nos tomamos muy en serio la privacidad para que su informaci\u00f3n se mantenga segura. \u00a1Aprende m\u00e1s!","breadcrumb":{"@id":"https:\/\/www.spanco.com\/es\/privacidad\/#breadcrumb"},"inLanguage":"es","potentialAction":[{"@type":"ReadAction","target":["https:\/\/www.spanco.com\/es\/privacidad\/"]}]},{"@type":"BreadcrumbList","@id":"https:\/\/www.spanco.com\/es\/privacidad\/#breadcrumb","itemListElement":[{"@type":"ListItem","position":1,"name":"Home","item":"https:\/\/www.spanco.com\/es\/casa\/"},{"@type":"ListItem","position":2,"name":"PRIVACIDAD"}]},{"@type":"WebSite","@id":"https:\/\/www.spanco.com\/#website","url":"https:\/\/www.spanco.com\/","name":"Spanco","description":"Explore Our Products - Materials Handling Solutions","publisher":{"@id":"https:\/\/www.spanco.com\/#organization"},"potentialAction":[{"@type":"SearchAction","target":{"@type":"EntryPoint","urlTemplate":"https:\/\/www.spanco.com\/?s={search_term_string}"},"query-input":{"@type":"PropertyValueSpecification","valueRequired":true,"valueName":"search_term_string"}}],"inLanguage":"es"},{"@type":"Organization","@id":"https:\/\/www.spanco.com\/#organization","name":"Spanco","url":"https:\/\/www.spanco.com\/","logo":{"@type":"ImageObject","inLanguage":"es","@id":"https:\/\/www.spanco.com\/#\/schema\/logo\/image\/","url":"https:\/\/www.spanco.com\/wp-content\/uploads\/2020\/07\/SPANCO-logo-tagline.svg","contentUrl":"https:\/\/www.spanco.com\/wp-content\/uploads\/2020\/07\/SPANCO-logo-tagline.svg","width":1,"height":1,"caption":"Spanco"},"image":{"@id":"https:\/\/www.spanco.com\/#\/schema\/logo\/image\/"}}]}},"_links":{"self":[{"href":"https:\/\/www.spanco.com\/es\/wp-json\/wp\/v2\/pages\/1786","targetHints":{"allow":["GET"]}}],"collection":[{"href":"https:\/\/www.spanco.com\/es\/wp-json\/wp\/v2\/pages"}],"about":[{"href":"https:\/\/www.spanco.com\/es\/wp-json\/wp\/v2\/types\/page"}],"author":[{"embeddable":true,"href":"https:\/\/www.spanco.com\/es\/wp-json\/wp\/v2\/users\/1"}],"replies":[{"embeddable":true,"href":"https:\/\/www.spanco.com\/es\/wp-json\/wp\/v2\/comments?post=1786"}],"version-history":[{"count":0,"href":"https:\/\/www.spanco.com\/es\/wp-json\/wp\/v2\/pages\/1786\/revisions"}],"wp:attachment":[{"href":"https:\/\/www.spanco.com\/es\/wp-json\/wp\/v2\/media?parent=1786"}],"curies":[{"name":"wp","href":"https:\/\/api.w.org\/{rel}","templated":true}]}}