{"id":1822,"date":"2021-01-26T09:55:42","date_gmt":"2021-01-26T14:55:42","guid":{"rendered":"https:\/\/www.spanco.com\/quienes-somos\/"},"modified":"2024-02-20T10:02:03","modified_gmt":"2024-02-20T15:02:03","slug":"quienes-somos","status":"publish","type":"page","link":"https:\/\/www.spanco.com\/es\/quienes-somos\/","title":{"rendered":"QUI\u00c9NES SOMOS"},"content":{"rendered":"\n\n\t\t\t<h2>Estamos comprometidos a cumplir siempre con nuestra Promesa de Rendimiento.<\/h2>\t\t\t\n\t\t\t\t<p>Spanco viene ofreciendo soluciones de alta calidad que ahorran costos por m\u00e1s de tres d\u00e9cadas. Contamos con la experiencia, el conocimiento y los recursos para satisfacer una serie de necesidades y estamos comprometidos a ofrecer el mejor servicio al cliente que existe en el mercado.<\/p>\n<p>&nbsp;<\/p>\n\t\t\t<a href=\"https:\/\/www.spanco.com\/contact\/\" target=\"_self\" role=\"button\" aria-label=\"CONT\u00c1CTENOS\" rel=\"noopener\">\n\t\t\t\t\t\t\tCONT\u00c1CTENOS\n\t\t<\/a>\n<h4>\n\t\tHitos notables de Spanco, Inc.:\n\t<\/h4>\n\t<ul>\n\t\t<li>\t\t\n\t\t2020<p><a href=\"https:\/\/www.spanco.com\/resource\/zip-ship-flyer\/\">The Spanco Zip-Ship Freight Estimator<\/a>, <a href=\"https:\/\/www.spanco.com\/resource\/fast-track-flyer\/\">Fast-Track Program<\/a>, and Rigid Lifelines online Configurator launch.<\/p><\/li><li>\t\t\n\t\t2016<p>Establecimos una extensa red de distribuidores en Am\u00e9rica Latina y agregamos varios Gerentes de Ventas Regionales nuevos en los mercados de EE. UU. Y Canad\u00e1.<\/p><\/li><li>\t\t\n\t\t2015<p>Spanco lanza el Programa de distribuidores por niveles SPANCO360 para recompensar a los distribuidores en funci\u00f3n de las ventas, la lealtad, las capacidades t\u00e9cnicas y el compromiso de marketing. Tambi\u00e9n aumentamos nuestra garant\u00eda a 10 a\u00f1os en todos los productos manuales.<\/p><\/li><li>\t\t\n\t\t2013Spanco duplica el tama\u00f1o de su f\u00e1brica de Las Vegas para mantenerse al d\u00eda con la creciente demanda y lanza una importante actualizaci\u00f3n de nuestro configurador de precios en l\u00ednea Lift-Lab.<\/li><li>\t\t\n\t\t2011Spanco, Inc. obtiene el prestigioso reconocimiento de fabricante de soldadura certificado con la designaci\u00f3n CWF de la Sociedad Estadounidense de Soldadura (AWS) por nuestros sistemas de gesti\u00f3n integral de la calidad por la fabricaci\u00f3n de soldaduras.\n&nbsp;<\/li><li>\t\t\n\t\t2008Abre nuestra nueva planta de fabricaci\u00f3n en Las Vegas, Nevada, para hacer frente al crecimiento constante y atender a nuestros clientes en la costa oeste.\n&nbsp;<\/li><li>\t\t\n\t\t2005<p>Introducimos la nueva l\u00ednea de\u00a0<a href=\"http:\/\/www.rigidlifelines.com\/\">sistemas de equipos anti-ca\u00eddas<\/a>\u00a0bajo la divisi\u00f3n Rigid Lifelines<sup>\u00ae<\/sup>. Nuestros ingenieros desarrollan una l\u00ednea de\u00a0<a href=\"https:\/\/www.spanco.com\/es\/product\/motores-de-traccion-para-pistas-cerradas\/\" target=\"_blank\" rel=\"noopener\">motores de tracci\u00f3n<\/a>\u00a0Spanco para sistemas con viga I y sistemas con pista cerrada, as\u00ed como\u00a0<a href=\"https:\/\/www.spanco.com\/es\/product\/motores-de-modernizacion-para-gruas-bandera\/\" target=\"_blank\" rel=\"noopener\">motores de modernizaci\u00f3n para gr\u00faas bandera<\/a>.<\/p><\/li><li>\t\t\n\t\t1992Construimos una planta de 8.800 m2 en la frontera de la regi\u00f3n Amish en Morgantown, Pennsylvania. Hoy, en Morgantown est\u00e1 la sede central de Spanco y nuestra principal planta de fabricaci\u00f3n. Introducimos tambi\u00e9n las gr\u00faas para estaciones de trabajo que utilizan las pistas Met-Track\u2122 importadas de Helm en Alemania v\u00eda Metreel en Inglaterra.\n&nbsp;<\/li><li>\t\t\n\t\t1979<p>Richard Uhlig funda Spanco, Inc. en Downingtown, Pennsylvania. Empezamos a fabricar una peque\u00f1a l\u00ednea de productos Spanco ajustables,\u00a0<a href=\"https:\/\/www.spanco.com\/es\/product_category\/gantry-cranes-es\/\" target=\"_blank\" rel=\"noopener\">gr\u00faas p\u00f3rtico<\/a>\u00a0y\u00a0<a href=\"https:\/\/www.spanco.com\/es\/product\/tripodes-industriales\/\" target=\"_blank\" rel=\"noopener\">tr\u00edpodes<\/a>\u00a0A medida que el negocio despega, agregamos las l\u00edneas de\u00a0<a href=\"https:\/\/www.spanco.com\/es\/product_category\/jib-cranes-es\/\" target=\"_blank\" rel=\"noopener\">gr\u00faas bandera<\/a>\u00a0y\u00a0<a href=\"https:\/\/www.spanco.com\/es\/product_category\/workstation-bridge-cranes-es\/\" target=\"_blank\" rel=\"noopener\">gr\u00faas para estaciones de trabajo<\/a>\u00a0Spanco.<\/p><\/li><li>\t\t\n\t\t1949George Uhlig (el padre de Richard Uhlig) inventa el primer polipasto de palanca con sistema de trinquete y cable verdaderamente seguro con un sistema de trinquete enclavado de doble garra para asegurar que en todo momento una garra est\u00e9 sosteniendo la carga. Hoy en d\u00eda, profesionales en todo el mundo utilizan\u00a0<a href=\"http:\/\/www.lug-all.com\/\">polipastos manuales LUG-ALL\u00ae<\/a>\u00a0para operaciones de elevaci\u00f3n y arrastre seguras, precisas y uniformes.\n&nbsp;<\/li>\t<\/ul>\n\t\t<h2>NUESTRA PROMESA<\/h2>\t\t\t\n\t\t\t<h4>LA FORMA DE GANARNOS SU CONFIANZA ES:<\/h4>\t\t\t\n\t\t\t\t<ul>\n<li>Entregando productos duraderos que rindan en su puesto, exactamente seg\u00fan lo prometido.<\/li>\n<li>Respondiendo consultas y solicitudes m\u00e1s r\u00e1pido-y con mayor sentido de urgencia-que cualquier otra compa\u00f1\u00eda de la industria.<\/li>\n<li>Aceptando sus desaf\u00edos y desarrollando soluciones para resolver a\u00fan los problemas m\u00e1s complejos.<\/li>\n<li>Cumpliendo las fechas de entrega, dando soporte posventa y haciendo exactamente lo que dijimos que har\u00edamos.<\/li>\n<li>Siendo leales y comprometidos con su \u00e9xito.<\/li>\n<\/ul>\n<p>Nuestros clientes son el centro de todo lo que hacemos. Ustedes impulsan nuestro negocio. Les prometemos rendir a nuestro m\u00e1s alto nivel cada d\u00eda.<\/p>\n<p>&nbsp;<\/p>\n\t\t\t<h2>\u00c9TICA<\/h2>\t\t\t\n\t\t\t\t<p>Apoyamos sin reservas y suscribimos el C\u00f3digo de \u00e9tica y buenas pr\u00e1cticas de la asociaci\u00f3n de manejo de materiales de los Estados Unidos (Material Handling Industry of America, MHI).<\/p>\n<p><strong>Adem\u00e1s prometemos firmemente:<\/strong><\/p>\n\t\t\t<h4>1<\/h4>\t\t\t\n\t\t\t\t<p>Hacer siempre lo correcto dentro de todo el alcance de nuestras capacidades.<\/p>\n<p>&nbsp;<\/p>\n\t\t\t<h4>2<\/h4>\t\t\t\n\t\t\t\t<p>Fabricar productos que cumplan o excedan todos los est\u00e1ndares de aplicaci\u00f3n voluntaria o reglamentaria de la industria.<\/p>\n<p>&nbsp;<\/p>\n\t\t\t<h4>3<\/h4>\t\t\t\n\t\t\t\t<p>Vender \u00fanicamente las caracter\u00edsticas y beneficios de nuestros productos y servicios sin perjudicar ni da\u00f1ar intencionalmente la reputaci\u00f3n de nuestros colegas o de la competencia.<\/p>\n<p>&nbsp;<\/p>\n\t\t\t<h4>4<\/h4>\t\t\t\n\t\t\t\t<p>Ofrecer productos y servicios que cumplan a cabalidad con sus expectativas de calidad.<\/p>\n<p>&nbsp;<\/p>\n\t\t\t<h4>5<\/h4>\t\t\t\n\t\t\t\t<p>Atender de inmediato todo reclamo cubierto por la garant\u00eda.<\/p>\n<p>&nbsp;<\/p>\n\t\t\t<h4>6<\/h4>\t\t\t\n\t\t\t\t<p>Hacerle saber cu\u00e1ndo nuestros productos o servicios no sean compatibles con su aplicaci\u00f3n.<\/p>\n<p>&nbsp;<\/p>\n\t\t\t<h4>7<\/h4>\t\t\t\n\t\t\t\t<p>Respetar la intenci\u00f3n de nuestras comunicaciones con usted, incluida la del lenguaje de nuestros contratos mutuos.<\/p>\n<p>&nbsp;<\/p>\n\t\t\t<h4>8<\/h4>\t\t\t\n\t\t\t\t<p>Tratar a cada cliente por igual, con el mismo respeto y cortes\u00eda con el que nos gustar\u00eda ser tratados.<\/p>\n<p>&nbsp;<\/p>\n\t\t\t<a href=\"https:\/\/www.spanco.com\/contact\/\" target=\"_self\" role=\"button\" aria-label=\"CONT\u00c1CTENOS\" rel=\"noopener\">\n\t\t\t\t\t\t\tCONT\u00c1CTENOS\n\t\t<\/a>\n\t\t\t<h2>Encuentra un sistema<\/h2>\t\t\t\n\t\t\t<a href=\"https:\/\/www.spanco.com\/system-selector\/\" target=\"_self\" role=\"button\" aria-label=\"\u00c9chale un vistazo a nuestro Selector de sistemas\" rel=\"noopener\">\n\t\t\t\t\t\t\t\u00c9chale un vistazo a nuestro Selector de sistemas\n\t\t<\/a>\n\n","protected":false},"excerpt":{"rendered":"<p>Estamos comprometidos a cumplir siempre con nuestra Promesa de Rendimiento. Spanco viene ofreciendo soluciones de alta calidad que ahorran costos por m\u00e1s de tres d\u00e9cadas. Contamos con la experiencia, el conocimiento y los recursos para satisfacer una serie de necesidades y estamos comprometidos a ofrecer el mejor servicio al cliente que existe en el mercado.&hellip;<\/p>\n","protected":false},"author":1,"featured_media":0,"parent":0,"menu_order":2,"comment_status":"closed","ping_status":"closed","template":"","meta":{"_acf_changed":false,"footnotes":""},"class_list":["post-1822","page","type-page","status-publish","hentry"],"acf":[],"yoast_head":"<!-- This site is optimized with the Yoast SEO plugin v27.0 - https:\/\/yoast.com\/product\/yoast-seo-wordpress\/ -->\n<title>QUI\u00c9NES SOMOS - Spanco<\/title>\n<meta name=\"robots\" content=\"index, follow, max-snippet:-1, max-image-preview:large, max-video-preview:-1\" \/>\n<link rel=\"canonical\" href=\"https:\/\/www.spanco.com\/es\/quienes-somos\/\" \/>\n<meta property=\"og:locale\" content=\"es_ES\" \/>\n<meta property=\"og:type\" content=\"article\" \/>\n<meta property=\"og:title\" content=\"QUI\u00c9NES SOMOS - Spanco\" \/>\n<meta property=\"og:description\" content=\"Estamos comprometidos a cumplir siempre con nuestra Promesa de Rendimiento. Spanco viene ofreciendo soluciones de alta calidad que ahorran costos por m\u00e1s de tres d\u00e9cadas. Contamos con la experiencia, el conocimiento y los recursos para satisfacer una serie de necesidades y estamos comprometidos a ofrecer el mejor servicio al cliente que existe en el mercado.&hellip;\" \/>\n<meta property=\"og:url\" content=\"https:\/\/www.spanco.com\/es\/quienes-somos\/\" \/>\n<meta property=\"og:site_name\" content=\"Spanco\" \/>\n<meta property=\"article:modified_time\" content=\"2024-02-20T15:02:03+00:00\" \/>\n<meta name=\"twitter:card\" content=\"summary_large_image\" \/>\n<meta name=\"twitter:label1\" content=\"Tiempo de lectura\" \/>\n\t<meta name=\"twitter:data1\" content=\"5 minutos\" \/>\n<script type=\"application\/ld+json\" class=\"yoast-schema-graph\">{\"@context\":\"https:\/\/schema.org\",\"@graph\":[{\"@type\":\"WebPage\",\"@id\":\"https:\/\/www.spanco.com\/es\/quienes-somos\/\",\"url\":\"https:\/\/www.spanco.com\/es\/quienes-somos\/\",\"name\":\"QUI\u00c9NES SOMOS - Spanco\",\"isPartOf\":{\"@id\":\"https:\/\/www.spanco.com\/#website\"},\"datePublished\":\"2021-01-26T14:55:42+00:00\",\"dateModified\":\"2024-02-20T15:02:03+00:00\",\"breadcrumb\":{\"@id\":\"https:\/\/www.spanco.com\/es\/quienes-somos\/#breadcrumb\"},\"inLanguage\":\"es\",\"potentialAction\":[{\"@type\":\"ReadAction\",\"target\":[\"https:\/\/www.spanco.com\/es\/quienes-somos\/\"]}]},{\"@type\":\"BreadcrumbList\",\"@id\":\"https:\/\/www.spanco.com\/es\/quienes-somos\/#breadcrumb\",\"itemListElement\":[{\"@type\":\"ListItem\",\"position\":1,\"name\":\"Home\",\"item\":\"https:\/\/www.spanco.com\/es\/casa\/\"},{\"@type\":\"ListItem\",\"position\":2,\"name\":\"QUI\u00c9NES SOMOS\"}]},{\"@type\":\"WebSite\",\"@id\":\"https:\/\/www.spanco.com\/#website\",\"url\":\"https:\/\/www.spanco.com\/\",\"name\":\"Spanco\",\"description\":\"Explore Our Products - Materials Handling Solutions\",\"publisher\":{\"@id\":\"https:\/\/www.spanco.com\/#organization\"},\"potentialAction\":[{\"@type\":\"SearchAction\",\"target\":{\"@type\":\"EntryPoint\",\"urlTemplate\":\"https:\/\/www.spanco.com\/?s={search_term_string}\"},\"query-input\":{\"@type\":\"PropertyValueSpecification\",\"valueRequired\":true,\"valueName\":\"search_term_string\"}}],\"inLanguage\":\"es\"},{\"@type\":\"Organization\",\"@id\":\"https:\/\/www.spanco.com\/#organization\",\"name\":\"Spanco\",\"url\":\"https:\/\/www.spanco.com\/\",\"logo\":{\"@type\":\"ImageObject\",\"inLanguage\":\"es\",\"@id\":\"https:\/\/www.spanco.com\/#\/schema\/logo\/image\/\",\"url\":\"https:\/\/www.spanco.com\/wp-content\/uploads\/2020\/07\/SPANCO-logo-tagline.svg\",\"contentUrl\":\"https:\/\/www.spanco.com\/wp-content\/uploads\/2020\/07\/SPANCO-logo-tagline.svg\",\"width\":1,\"height\":1,\"caption\":\"Spanco\"},\"image\":{\"@id\":\"https:\/\/www.spanco.com\/#\/schema\/logo\/image\/\"}}]}<\/script>\n<!-- \/ Yoast SEO plugin. -->","yoast_head_json":{"title":"QUI\u00c9NES SOMOS - Spanco","robots":{"index":"index","follow":"follow","max-snippet":"max-snippet:-1","max-image-preview":"max-image-preview:large","max-video-preview":"max-video-preview:-1"},"canonical":"https:\/\/www.spanco.com\/es\/quienes-somos\/","og_locale":"es_ES","og_type":"article","og_title":"QUI\u00c9NES SOMOS - Spanco","og_description":"Estamos comprometidos a cumplir siempre con nuestra Promesa de Rendimiento. Spanco viene ofreciendo soluciones de alta calidad que ahorran costos por m\u00e1s de tres d\u00e9cadas. Contamos con la experiencia, el conocimiento y los recursos para satisfacer una serie de necesidades y estamos comprometidos a ofrecer el mejor servicio al cliente que existe en el mercado.&hellip;","og_url":"https:\/\/www.spanco.com\/es\/quienes-somos\/","og_site_name":"Spanco","article_modified_time":"2024-02-20T15:02:03+00:00","twitter_card":"summary_large_image","twitter_misc":{"Tiempo de lectura":"5 minutos"},"schema":{"@context":"https:\/\/schema.org","@graph":[{"@type":"WebPage","@id":"https:\/\/www.spanco.com\/es\/quienes-somos\/","url":"https:\/\/www.spanco.com\/es\/quienes-somos\/","name":"QUI\u00c9NES SOMOS - Spanco","isPartOf":{"@id":"https:\/\/www.spanco.com\/#website"},"datePublished":"2021-01-26T14:55:42+00:00","dateModified":"2024-02-20T15:02:03+00:00","breadcrumb":{"@id":"https:\/\/www.spanco.com\/es\/quienes-somos\/#breadcrumb"},"inLanguage":"es","potentialAction":[{"@type":"ReadAction","target":["https:\/\/www.spanco.com\/es\/quienes-somos\/"]}]},{"@type":"BreadcrumbList","@id":"https:\/\/www.spanco.com\/es\/quienes-somos\/#breadcrumb","itemListElement":[{"@type":"ListItem","position":1,"name":"Home","item":"https:\/\/www.spanco.com\/es\/casa\/"},{"@type":"ListItem","position":2,"name":"QUI\u00c9NES SOMOS"}]},{"@type":"WebSite","@id":"https:\/\/www.spanco.com\/#website","url":"https:\/\/www.spanco.com\/","name":"Spanco","description":"Explore Our Products - Materials Handling Solutions","publisher":{"@id":"https:\/\/www.spanco.com\/#organization"},"potentialAction":[{"@type":"SearchAction","target":{"@type":"EntryPoint","urlTemplate":"https:\/\/www.spanco.com\/?s={search_term_string}"},"query-input":{"@type":"PropertyValueSpecification","valueRequired":true,"valueName":"search_term_string"}}],"inLanguage":"es"},{"@type":"Organization","@id":"https:\/\/www.spanco.com\/#organization","name":"Spanco","url":"https:\/\/www.spanco.com\/","logo":{"@type":"ImageObject","inLanguage":"es","@id":"https:\/\/www.spanco.com\/#\/schema\/logo\/image\/","url":"https:\/\/www.spanco.com\/wp-content\/uploads\/2020\/07\/SPANCO-logo-tagline.svg","contentUrl":"https:\/\/www.spanco.com\/wp-content\/uploads\/2020\/07\/SPANCO-logo-tagline.svg","width":1,"height":1,"caption":"Spanco"},"image":{"@id":"https:\/\/www.spanco.com\/#\/schema\/logo\/image\/"}}]}},"_links":{"self":[{"href":"https:\/\/www.spanco.com\/es\/wp-json\/wp\/v2\/pages\/1822","targetHints":{"allow":["GET"]}}],"collection":[{"href":"https:\/\/www.spanco.com\/es\/wp-json\/wp\/v2\/pages"}],"about":[{"href":"https:\/\/www.spanco.com\/es\/wp-json\/wp\/v2\/types\/page"}],"author":[{"embeddable":true,"href":"https:\/\/www.spanco.com\/es\/wp-json\/wp\/v2\/users\/1"}],"replies":[{"embeddable":true,"href":"https:\/\/www.spanco.com\/es\/wp-json\/wp\/v2\/comments?post=1822"}],"version-history":[{"count":0,"href":"https:\/\/www.spanco.com\/es\/wp-json\/wp\/v2\/pages\/1822\/revisions"}],"wp:attachment":[{"href":"https:\/\/www.spanco.com\/es\/wp-json\/wp\/v2\/media?parent=1822"}],"curies":[{"name":"wp","href":"https:\/\/api.w.org\/{rel}","templated":true}]}}