{"id":1823,"date":"2021-01-26T09:56:23","date_gmt":"2021-01-26T14:56:23","guid":{"rendered":"https:\/\/www.spanco.com\/contactenos\/"},"modified":"2021-04-14T09:03:19","modified_gmt":"2021-04-14T13:03:19","slug":"contactenos","status":"publish","type":"page","link":"https:\/\/www.spanco.com\/es\/contactenos\/","title":{"rendered":"CONT\u00c1CTENOS"},"content":{"rendered":"\n\n\t\t\t<h1>CONT\u00c1CTENOS<\/h1>\t\t\t\n\t\t\t\t<p>En Spanco\u00ae, contamos con la experiencia para orientarlo y ayudarlo a encontrar la soluci\u00f3n correcta para su manejo de materiales. Esperamos nos d\u00e9 la oportunidad de trabajar con usted. Puede enviarnos informaci\u00f3n adicional detallada utilizando el formulario de contacto en l\u00ednea que sigue a continuaci\u00f3n.<\/p>\n\t\t\t<h4>CONSULTA GENERAL<\/h4>\t\t\t\n\t\t\t\tEE.UU.\/Canad\u00e1:\u00a01-800-869-2080<br \/>\nLlamadas locales: 1-610-286-7200\n\t\t\t\t<p>604 Hemlock Road<br \/>Morgantown, PA 19543<\/p>\n\t\t\t\t<p>info@spanco.com<\/p>\n\n","protected":false},"excerpt":{"rendered":"<p>CONT\u00c1CTENOS En Spanco\u00ae, contamos con la experiencia para orientarlo y ayudarlo a encontrar la soluci\u00f3n correcta para su manejo de materiales. Esperamos nos d\u00e9 la oportunidad de trabajar con usted. Puede enviarnos informaci\u00f3n adicional detallada utilizando el formulario de contacto en l\u00ednea que sigue a continuaci\u00f3n. CONSULTA GENERAL EE.UU.\/Canad\u00e1:\u00a01-800-869-2080 Llamadas locales: 1-610-286-7200 604 Hemlock RoadMorgantown,&hellip;<\/p>\n","protected":false},"author":1,"featured_media":0,"parent":0,"menu_order":6,"comment_status":"closed","ping_status":"closed","template":"","meta":{"_acf_changed":false,"footnotes":""},"class_list":["post-1823","page","type-page","status-publish","hentry"],"acf":[],"yoast_head":"<!-- This site is optimized with the Yoast SEO plugin v27.0 - https:\/\/yoast.com\/product\/yoast-seo-wordpress\/ -->\n<title>CONT\u00c1CTENOS - Spanco<\/title>\n<meta name=\"robots\" content=\"index, follow, max-snippet:-1, max-image-preview:large, max-video-preview:-1\" \/>\n<link rel=\"canonical\" href=\"https:\/\/www.spanco.com\/es\/contactenos\/\" \/>\n<meta property=\"og:locale\" content=\"es_ES\" \/>\n<meta property=\"og:type\" content=\"article\" \/>\n<meta property=\"og:title\" content=\"CONT\u00c1CTENOS - Spanco\" \/>\n<meta property=\"og:description\" content=\"CONT\u00c1CTENOS En Spanco\u00ae, contamos con la experiencia para orientarlo y ayudarlo a encontrar la soluci\u00f3n correcta para su manejo de materiales. Esperamos nos d\u00e9 la oportunidad de trabajar con usted. Puede enviarnos informaci\u00f3n adicional detallada utilizando el formulario de contacto en l\u00ednea que sigue a continuaci\u00f3n. CONSULTA GENERAL EE.UU.\/Canad\u00e1:\u00a01-800-869-2080 Llamadas locales: 1-610-286-7200 604 Hemlock RoadMorgantown,&hellip;\" \/>\n<meta property=\"og:url\" content=\"https:\/\/www.spanco.com\/es\/contactenos\/\" \/>\n<meta property=\"og:site_name\" content=\"Spanco\" \/>\n<meta property=\"article:modified_time\" content=\"2021-04-14T13:03:19+00:00\" \/>\n<meta name=\"twitter:card\" content=\"summary_large_image\" \/>\n<script type=\"application\/ld+json\" class=\"yoast-schema-graph\">{\"@context\":\"https:\/\/schema.org\",\"@graph\":[{\"@type\":\"WebPage\",\"@id\":\"https:\/\/www.spanco.com\/es\/contactenos\/\",\"url\":\"https:\/\/www.spanco.com\/es\/contactenos\/\",\"name\":\"CONT\u00c1CTENOS - Spanco\",\"isPartOf\":{\"@id\":\"https:\/\/www.spanco.com\/#website\"},\"datePublished\":\"2021-01-26T14:56:23+00:00\",\"dateModified\":\"2021-04-14T13:03:19+00:00\",\"breadcrumb\":{\"@id\":\"https:\/\/www.spanco.com\/es\/contactenos\/#breadcrumb\"},\"inLanguage\":\"es\",\"potentialAction\":[{\"@type\":\"ReadAction\",\"target\":[\"https:\/\/www.spanco.com\/es\/contactenos\/\"]}]},{\"@type\":\"BreadcrumbList\",\"@id\":\"https:\/\/www.spanco.com\/es\/contactenos\/#breadcrumb\",\"itemListElement\":[{\"@type\":\"ListItem\",\"position\":1,\"name\":\"Home\",\"item\":\"https:\/\/www.spanco.com\/es\/casa\/\"},{\"@type\":\"ListItem\",\"position\":2,\"name\":\"CONT\u00c1CTENOS\"}]},{\"@type\":\"WebSite\",\"@id\":\"https:\/\/www.spanco.com\/#website\",\"url\":\"https:\/\/www.spanco.com\/\",\"name\":\"Spanco\",\"description\":\"Explore Our Products - Materials Handling Solutions\",\"publisher\":{\"@id\":\"https:\/\/www.spanco.com\/#organization\"},\"potentialAction\":[{\"@type\":\"SearchAction\",\"target\":{\"@type\":\"EntryPoint\",\"urlTemplate\":\"https:\/\/www.spanco.com\/?s={search_term_string}\"},\"query-input\":{\"@type\":\"PropertyValueSpecification\",\"valueRequired\":true,\"valueName\":\"search_term_string\"}}],\"inLanguage\":\"es\"},{\"@type\":\"Organization\",\"@id\":\"https:\/\/www.spanco.com\/#organization\",\"name\":\"Spanco\",\"url\":\"https:\/\/www.spanco.com\/\",\"logo\":{\"@type\":\"ImageObject\",\"inLanguage\":\"es\",\"@id\":\"https:\/\/www.spanco.com\/#\/schema\/logo\/image\/\",\"url\":\"https:\/\/www.spanco.com\/wp-content\/uploads\/2020\/07\/SPANCO-logo-tagline.svg\",\"contentUrl\":\"https:\/\/www.spanco.com\/wp-content\/uploads\/2020\/07\/SPANCO-logo-tagline.svg\",\"width\":1,\"height\":1,\"caption\":\"Spanco\"},\"image\":{\"@id\":\"https:\/\/www.spanco.com\/#\/schema\/logo\/image\/\"}}]}<\/script>\n<!-- \/ Yoast SEO plugin. -->","yoast_head_json":{"title":"CONT\u00c1CTENOS - Spanco","robots":{"index":"index","follow":"follow","max-snippet":"max-snippet:-1","max-image-preview":"max-image-preview:large","max-video-preview":"max-video-preview:-1"},"canonical":"https:\/\/www.spanco.com\/es\/contactenos\/","og_locale":"es_ES","og_type":"article","og_title":"CONT\u00c1CTENOS - Spanco","og_description":"CONT\u00c1CTENOS En Spanco\u00ae, contamos con la experiencia para orientarlo y ayudarlo a encontrar la soluci\u00f3n correcta para su manejo de materiales. Esperamos nos d\u00e9 la oportunidad de trabajar con usted. Puede enviarnos informaci\u00f3n adicional detallada utilizando el formulario de contacto en l\u00ednea que sigue a continuaci\u00f3n. CONSULTA GENERAL EE.UU.\/Canad\u00e1:\u00a01-800-869-2080 Llamadas locales: 1-610-286-7200 604 Hemlock RoadMorgantown,&hellip;","og_url":"https:\/\/www.spanco.com\/es\/contactenos\/","og_site_name":"Spanco","article_modified_time":"2021-04-14T13:03:19+00:00","twitter_card":"summary_large_image","schema":{"@context":"https:\/\/schema.org","@graph":[{"@type":"WebPage","@id":"https:\/\/www.spanco.com\/es\/contactenos\/","url":"https:\/\/www.spanco.com\/es\/contactenos\/","name":"CONT\u00c1CTENOS - Spanco","isPartOf":{"@id":"https:\/\/www.spanco.com\/#website"},"datePublished":"2021-01-26T14:56:23+00:00","dateModified":"2021-04-14T13:03:19+00:00","breadcrumb":{"@id":"https:\/\/www.spanco.com\/es\/contactenos\/#breadcrumb"},"inLanguage":"es","potentialAction":[{"@type":"ReadAction","target":["https:\/\/www.spanco.com\/es\/contactenos\/"]}]},{"@type":"BreadcrumbList","@id":"https:\/\/www.spanco.com\/es\/contactenos\/#breadcrumb","itemListElement":[{"@type":"ListItem","position":1,"name":"Home","item":"https:\/\/www.spanco.com\/es\/casa\/"},{"@type":"ListItem","position":2,"name":"CONT\u00c1CTENOS"}]},{"@type":"WebSite","@id":"https:\/\/www.spanco.com\/#website","url":"https:\/\/www.spanco.com\/","name":"Spanco","description":"Explore Our Products - Materials Handling Solutions","publisher":{"@id":"https:\/\/www.spanco.com\/#organization"},"potentialAction":[{"@type":"SearchAction","target":{"@type":"EntryPoint","urlTemplate":"https:\/\/www.spanco.com\/?s={search_term_string}"},"query-input":{"@type":"PropertyValueSpecification","valueRequired":true,"valueName":"search_term_string"}}],"inLanguage":"es"},{"@type":"Organization","@id":"https:\/\/www.spanco.com\/#organization","name":"Spanco","url":"https:\/\/www.spanco.com\/","logo":{"@type":"ImageObject","inLanguage":"es","@id":"https:\/\/www.spanco.com\/#\/schema\/logo\/image\/","url":"https:\/\/www.spanco.com\/wp-content\/uploads\/2020\/07\/SPANCO-logo-tagline.svg","contentUrl":"https:\/\/www.spanco.com\/wp-content\/uploads\/2020\/07\/SPANCO-logo-tagline.svg","width":1,"height":1,"caption":"Spanco"},"image":{"@id":"https:\/\/www.spanco.com\/#\/schema\/logo\/image\/"}}]}},"_links":{"self":[{"href":"https:\/\/www.spanco.com\/es\/wp-json\/wp\/v2\/pages\/1823","targetHints":{"allow":["GET"]}}],"collection":[{"href":"https:\/\/www.spanco.com\/es\/wp-json\/wp\/v2\/pages"}],"about":[{"href":"https:\/\/www.spanco.com\/es\/wp-json\/wp\/v2\/types\/page"}],"author":[{"embeddable":true,"href":"https:\/\/www.spanco.com\/es\/wp-json\/wp\/v2\/users\/1"}],"replies":[{"embeddable":true,"href":"https:\/\/www.spanco.com\/es\/wp-json\/wp\/v2\/comments?post=1823"}],"version-history":[{"count":0,"href":"https:\/\/www.spanco.com\/es\/wp-json\/wp\/v2\/pages\/1823\/revisions"}],"wp:attachment":[{"href":"https:\/\/www.spanco.com\/es\/wp-json\/wp\/v2\/media?parent=1823"}],"curies":[{"name":"wp","href":"https:\/\/api.w.org\/{rel}","templated":true}]}}