{"id":2780,"date":"2021-04-13T09:06:35","date_gmt":"2021-04-13T13:06:35","guid":{"rendered":"https:\/\/www.spanco.com\/como-comprar\/"},"modified":"2021-09-10T14:33:46","modified_gmt":"2021-09-10T18:33:46","slug":"como-comprar","status":"publish","type":"page","link":"https:\/\/www.spanco.com\/es\/como-comprar\/","title":{"rendered":"C\u00d3MO COMPRAR"},"content":{"rendered":"\n<p>Hacemos todo lo que podemos para lograr que la compra de un sistema de gr\u00faas a\u00e9reas Spanco sea lo m\u00e1s sencilla posible:&#13;\n&#13;\n<\/p>\n\n<ul class=\"wp-block-list\"><li><ul><li>Creemos firmemente que la mejor forma de cuidar sus intereses es trabajando con un distribuidor\u00a0<strong>local<\/strong>\u00a0calificado de sistemas de manejo de materiales. Hemos capacitado a los distribuidores Spanco para evaluar cuidadosamente cada aplicaci\u00f3n antes de hacer una recomendaci\u00f3n.<\/li>&#13;\n<\/ul><\/li><li>Todos los sistemas de dise\u00f1o personalizado se desarrollan en estrecha cooperaci\u00f3n de nuestros ingenieros licenciados con sus ingenieros o arquitectos y su distribuidor\u2014quien llega a familiarizarse muy de cerca con las necesidades particulares de su aplicaci\u00f3n.<\/li><\/ul>\n<p>Contamos con una gran red de distribuidores calificados a lo largo de Norte y Sudam\u00e9rica, as\u00ed como un grupo selecto de distribuidores trabajando a nivel internacional.<\/p>\n\n<h2 class=\"wp-block-heading\">ENCUENTRE SU REPRESENTANTE LOCAL DE SPANCO<\/h2>\n\n<p>Puede optar por cualquiera de las siguientes v\u00edas:<\/p>\n\n<ul class=\"wp-block-list\"><li>Use our\u00a0<a href=\"https:\/\/www.spanco.com\/locate-a-sales-rep\">Locate\u00a0a Sales Rep<\/a>\u00a0tool: your Spanco representative is a valuable resource and advocate for finding the most qualified distributor for your needs.<\/li><li>Llamar a nuestra sede principal, de lunes a viernes, de 8:30 AM a 5:00 PM (hora del este). EE.UU o Canad\u00e1: 800-869-2080 o 610-286-7200. M\u00e9xico: 1-610-286-7200<\/li><li><ul><li>Escribirnos un mensaje de correo electr\u00f3nico en cualquier momento a:\u00a0<a href=\"mailto:sales@spanco.com\">sales@spanco.com<\/a><\/li>&#13;\n<\/ul><\/li><\/ul>","protected":false},"excerpt":{"rendered":"<p>Hacemos todo lo que podemos para lograr que la compra de un sistema de gr\u00faas a\u00e9reas Spanco sea lo m\u00e1s sencilla posible:&#13; &#13; Creemos firmemente que la mejor forma de cuidar sus intereses es trabajando con un distribuidor\u00a0local\u00a0calificado de sistemas de manejo de materiales. Hemos capacitado a los distribuidores Spanco para evaluar cuidadosamente cada aplicaci\u00f3n&hellip;<\/p>\n","protected":false},"author":1,"featured_media":0,"parent":0,"menu_order":0,"comment_status":"closed","ping_status":"closed","template":"","meta":{"_acf_changed":false,"footnotes":""},"class_list":["post-2780","page","type-page","status-publish","hentry"],"acf":[],"yoast_head":"<!-- This site is optimized with the Yoast SEO plugin v27.0 - https:\/\/yoast.com\/product\/yoast-seo-wordpress\/ -->\n<title>C\u00d3MO COMPRAR - Spanco<\/title>\n<meta name=\"robots\" content=\"index, follow, max-snippet:-1, max-image-preview:large, max-video-preview:-1\" \/>\n<link rel=\"canonical\" href=\"https:\/\/www.spanco.com\/es\/como-comprar\/\" \/>\n<meta property=\"og:locale\" content=\"es_ES\" \/>\n<meta property=\"og:type\" content=\"article\" \/>\n<meta property=\"og:title\" content=\"C\u00d3MO COMPRAR - Spanco\" \/>\n<meta property=\"og:description\" content=\"Hacemos todo lo que podemos para lograr que la compra de un sistema de gr\u00faas a\u00e9reas Spanco sea lo m\u00e1s sencilla posible:&#013; &#013; Creemos firmemente que la mejor forma de cuidar sus intereses es trabajando con un distribuidor\u00a0local\u00a0calificado de sistemas de manejo de materiales. Hemos capacitado a los distribuidores Spanco para evaluar cuidadosamente cada aplicaci\u00f3n&hellip;\" \/>\n<meta property=\"og:url\" content=\"https:\/\/www.spanco.com\/es\/como-comprar\/\" \/>\n<meta property=\"og:site_name\" content=\"Spanco\" \/>\n<meta property=\"article:modified_time\" content=\"2021-09-10T18:33:46+00:00\" \/>\n<meta name=\"twitter:card\" content=\"summary_large_image\" \/>\n<meta name=\"twitter:label1\" content=\"Tiempo de lectura\" \/>\n\t<meta name=\"twitter:data1\" content=\"1 minuto\" \/>\n<script type=\"application\/ld+json\" class=\"yoast-schema-graph\">{\"@context\":\"https:\/\/schema.org\",\"@graph\":[{\"@type\":\"WebPage\",\"@id\":\"https:\/\/www.spanco.com\/es\/como-comprar\/\",\"url\":\"https:\/\/www.spanco.com\/es\/como-comprar\/\",\"name\":\"C\u00d3MO COMPRAR - Spanco\",\"isPartOf\":{\"@id\":\"https:\/\/www.spanco.com\/#website\"},\"datePublished\":\"2021-04-13T13:06:35+00:00\",\"dateModified\":\"2021-09-10T18:33:46+00:00\",\"breadcrumb\":{\"@id\":\"https:\/\/www.spanco.com\/es\/como-comprar\/#breadcrumb\"},\"inLanguage\":\"es\",\"potentialAction\":[{\"@type\":\"ReadAction\",\"target\":[\"https:\/\/www.spanco.com\/es\/como-comprar\/\"]}]},{\"@type\":\"BreadcrumbList\",\"@id\":\"https:\/\/www.spanco.com\/es\/como-comprar\/#breadcrumb\",\"itemListElement\":[{\"@type\":\"ListItem\",\"position\":1,\"name\":\"Home\",\"item\":\"https:\/\/www.spanco.com\/es\/casa\/\"},{\"@type\":\"ListItem\",\"position\":2,\"name\":\"C\u00d3MO COMPRAR\"}]},{\"@type\":\"WebSite\",\"@id\":\"https:\/\/www.spanco.com\/#website\",\"url\":\"https:\/\/www.spanco.com\/\",\"name\":\"Spanco\",\"description\":\"Explore Our Products - Materials Handling Solutions\",\"publisher\":{\"@id\":\"https:\/\/www.spanco.com\/#organization\"},\"potentialAction\":[{\"@type\":\"SearchAction\",\"target\":{\"@type\":\"EntryPoint\",\"urlTemplate\":\"https:\/\/www.spanco.com\/?s={search_term_string}\"},\"query-input\":{\"@type\":\"PropertyValueSpecification\",\"valueRequired\":true,\"valueName\":\"search_term_string\"}}],\"inLanguage\":\"es\"},{\"@type\":\"Organization\",\"@id\":\"https:\/\/www.spanco.com\/#organization\",\"name\":\"Spanco\",\"url\":\"https:\/\/www.spanco.com\/\",\"logo\":{\"@type\":\"ImageObject\",\"inLanguage\":\"es\",\"@id\":\"https:\/\/www.spanco.com\/#\/schema\/logo\/image\/\",\"url\":\"https:\/\/www.spanco.com\/wp-content\/uploads\/2020\/07\/SPANCO-logo-tagline.svg\",\"contentUrl\":\"https:\/\/www.spanco.com\/wp-content\/uploads\/2020\/07\/SPANCO-logo-tagline.svg\",\"width\":1,\"height\":1,\"caption\":\"Spanco\"},\"image\":{\"@id\":\"https:\/\/www.spanco.com\/#\/schema\/logo\/image\/\"}}]}<\/script>\n<!-- \/ Yoast SEO plugin. -->","yoast_head_json":{"title":"C\u00d3MO COMPRAR - Spanco","robots":{"index":"index","follow":"follow","max-snippet":"max-snippet:-1","max-image-preview":"max-image-preview:large","max-video-preview":"max-video-preview:-1"},"canonical":"https:\/\/www.spanco.com\/es\/como-comprar\/","og_locale":"es_ES","og_type":"article","og_title":"C\u00d3MO COMPRAR - Spanco","og_description":"Hacemos todo lo que podemos para lograr que la compra de un sistema de gr\u00faas a\u00e9reas Spanco sea lo m\u00e1s sencilla posible:&#13; &#13; Creemos firmemente que la mejor forma de cuidar sus intereses es trabajando con un distribuidor\u00a0local\u00a0calificado de sistemas de manejo de materiales. Hemos capacitado a los distribuidores Spanco para evaluar cuidadosamente cada aplicaci\u00f3n&hellip;","og_url":"https:\/\/www.spanco.com\/es\/como-comprar\/","og_site_name":"Spanco","article_modified_time":"2021-09-10T18:33:46+00:00","twitter_card":"summary_large_image","twitter_misc":{"Tiempo de lectura":"1 minuto"},"schema":{"@context":"https:\/\/schema.org","@graph":[{"@type":"WebPage","@id":"https:\/\/www.spanco.com\/es\/como-comprar\/","url":"https:\/\/www.spanco.com\/es\/como-comprar\/","name":"C\u00d3MO COMPRAR - Spanco","isPartOf":{"@id":"https:\/\/www.spanco.com\/#website"},"datePublished":"2021-04-13T13:06:35+00:00","dateModified":"2021-09-10T18:33:46+00:00","breadcrumb":{"@id":"https:\/\/www.spanco.com\/es\/como-comprar\/#breadcrumb"},"inLanguage":"es","potentialAction":[{"@type":"ReadAction","target":["https:\/\/www.spanco.com\/es\/como-comprar\/"]}]},{"@type":"BreadcrumbList","@id":"https:\/\/www.spanco.com\/es\/como-comprar\/#breadcrumb","itemListElement":[{"@type":"ListItem","position":1,"name":"Home","item":"https:\/\/www.spanco.com\/es\/casa\/"},{"@type":"ListItem","position":2,"name":"C\u00d3MO COMPRAR"}]},{"@type":"WebSite","@id":"https:\/\/www.spanco.com\/#website","url":"https:\/\/www.spanco.com\/","name":"Spanco","description":"Explore Our Products - Materials Handling Solutions","publisher":{"@id":"https:\/\/www.spanco.com\/#organization"},"potentialAction":[{"@type":"SearchAction","target":{"@type":"EntryPoint","urlTemplate":"https:\/\/www.spanco.com\/?s={search_term_string}"},"query-input":{"@type":"PropertyValueSpecification","valueRequired":true,"valueName":"search_term_string"}}],"inLanguage":"es"},{"@type":"Organization","@id":"https:\/\/www.spanco.com\/#organization","name":"Spanco","url":"https:\/\/www.spanco.com\/","logo":{"@type":"ImageObject","inLanguage":"es","@id":"https:\/\/www.spanco.com\/#\/schema\/logo\/image\/","url":"https:\/\/www.spanco.com\/wp-content\/uploads\/2020\/07\/SPANCO-logo-tagline.svg","contentUrl":"https:\/\/www.spanco.com\/wp-content\/uploads\/2020\/07\/SPANCO-logo-tagline.svg","width":1,"height":1,"caption":"Spanco"},"image":{"@id":"https:\/\/www.spanco.com\/#\/schema\/logo\/image\/"}}]}},"_links":{"self":[{"href":"https:\/\/www.spanco.com\/es\/wp-json\/wp\/v2\/pages\/2780","targetHints":{"allow":["GET"]}}],"collection":[{"href":"https:\/\/www.spanco.com\/es\/wp-json\/wp\/v2\/pages"}],"about":[{"href":"https:\/\/www.spanco.com\/es\/wp-json\/wp\/v2\/types\/page"}],"author":[{"embeddable":true,"href":"https:\/\/www.spanco.com\/es\/wp-json\/wp\/v2\/users\/1"}],"replies":[{"embeddable":true,"href":"https:\/\/www.spanco.com\/es\/wp-json\/wp\/v2\/comments?post=2780"}],"version-history":[{"count":0,"href":"https:\/\/www.spanco.com\/es\/wp-json\/wp\/v2\/pages\/2780\/revisions"}],"wp:attachment":[{"href":"https:\/\/www.spanco.com\/es\/wp-json\/wp\/v2\/media?parent=2780"}],"curies":[{"name":"wp","href":"https:\/\/api.w.org\/{rel}","templated":true}]}}