{"id":1788,"date":"2021-01-25T09:41:14","date_gmt":"2021-01-25T14:41:14","guid":{"rendered":"https:\/\/www.spanco.com\/product\/tripodes-industriales\/"},"modified":"2021-06-09T17:31:43","modified_gmt":"2021-06-09T21:31:43","slug":"tripodes-industriales","status":"publish","type":"product","link":"https:\/\/www.spanco.com\/es\/product\/tripodes-industriales\/","title":{"rendered":"TR\u00cdPODES INDUSTRIALES"},"content":{"rendered":"\n<p>Los tr\u00edpodes industriales Spanco ofrecen soluciones m\u00f3viles para levantar cargas pesadas casi en cualquier lugar, incluso en espacios estrechos y en exteriores que no cuentan con estructuras a\u00e9reas, gr\u00faas o acceso para montacargas.<\/p>\n\n\n\n<p>Para un r\u00e1pido ajuste de la altura, cada una de las patas telesc\u00f3picas del tr\u00edpode se ajusta en forma independiente en incrementos de 15 cm (6\u2033), lo cual resulta ideal tambi\u00e9n para armarlos en superficies irregulares. El c\u00e1ncamo o perno de argolla del tr\u00edpode que gira libremente se alinea longitudinalmente en su centro (a plomo) para proteger el cabezal del tr\u00edpode contra torsiones y estiramientos, al mismo tiempo que mantiene el dispositivo de levante a plomo.<\/p>\n","protected":false},"featured_media":0,"parent":0,"template":"","product_category":[91],"class_list":["post-1788","product","type-product","status-publish","hentry","product_category-industrial-tripods-es"],"acf":[],"yoast_head":"<!-- This site is optimized with the Yoast SEO plugin v27.0 - https:\/\/yoast.com\/product\/yoast-seo-wordpress\/ -->\n<title>TR\u00cdPODES INDUSTRIALES - Spanco<\/title>\n<meta name=\"robots\" content=\"index, follow, max-snippet:-1, max-image-preview:large, max-video-preview:-1\" \/>\n<link rel=\"canonical\" href=\"https:\/\/www.spanco.com\/es\/product\/tripodes-industriales\/\" \/>\n<meta property=\"og:locale\" content=\"es_ES\" \/>\n<meta property=\"og:type\" content=\"article\" \/>\n<meta property=\"og:title\" content=\"TR\u00cdPODES INDUSTRIALES - Spanco\" \/>\n<meta property=\"og:description\" content=\"Los tr\u00edpodes industriales Spanco ofrecen soluciones m\u00f3viles para levantar cargas pesadas casi en cualquier lugar, incluso en espacios estrechos y en exteriores que no cuentan con estructuras a\u00e9reas, gr\u00faas o acceso para montacargas. Para un r\u00e1pido ajuste de la altura, cada una de las patas telesc\u00f3picas del tr\u00edpode se ajusta en forma independiente en incrementos&hellip;\" \/>\n<meta property=\"og:url\" content=\"https:\/\/www.spanco.com\/es\/product\/tripodes-industriales\/\" \/>\n<meta property=\"og:site_name\" content=\"Spanco\" \/>\n<meta property=\"article:modified_time\" content=\"2021-06-09T21:31:43+00:00\" \/>\n<meta name=\"twitter:card\" content=\"summary_large_image\" \/>\n<meta name=\"twitter:label1\" content=\"Tiempo de lectura\" \/>\n\t<meta name=\"twitter:data1\" content=\"1 minuto\" \/>\n<script type=\"application\/ld+json\" class=\"yoast-schema-graph\">{\"@context\":\"https:\/\/schema.org\",\"@graph\":[{\"@type\":\"WebPage\",\"@id\":\"https:\/\/www.spanco.com\/es\/product\/tripodes-industriales\/\",\"url\":\"https:\/\/www.spanco.com\/es\/product\/tripodes-industriales\/\",\"name\":\"TR\u00cdPODES INDUSTRIALES - Spanco\",\"isPartOf\":{\"@id\":\"https:\/\/www.spanco.com\/#website\"},\"datePublished\":\"2021-01-25T14:41:14+00:00\",\"dateModified\":\"2021-06-09T21:31:43+00:00\",\"breadcrumb\":{\"@id\":\"https:\/\/www.spanco.com\/es\/product\/tripodes-industriales\/#breadcrumb\"},\"inLanguage\":\"es\",\"potentialAction\":[{\"@type\":\"ReadAction\",\"target\":[\"https:\/\/www.spanco.com\/es\/product\/tripodes-industriales\/\"]}]},{\"@type\":\"BreadcrumbList\",\"@id\":\"https:\/\/www.spanco.com\/es\/product\/tripodes-industriales\/#breadcrumb\",\"itemListElement\":[{\"@type\":\"ListItem\",\"position\":1,\"name\":\"Home\",\"item\":\"https:\/\/www.spanco.com\/es\/casa\/\"},{\"@type\":\"ListItem\",\"position\":2,\"name\":\"Products\",\"item\":\"https:\/\/www.spanco.com\/products\/\"},{\"@type\":\"ListItem\",\"position\":3,\"name\":\"TR\u00cdPODES INDUSTRIALES\"}]},{\"@type\":\"WebSite\",\"@id\":\"https:\/\/www.spanco.com\/#website\",\"url\":\"https:\/\/www.spanco.com\/\",\"name\":\"Spanco\",\"description\":\"Explore Our Products - Materials Handling Solutions\",\"publisher\":{\"@id\":\"https:\/\/www.spanco.com\/#organization\"},\"potentialAction\":[{\"@type\":\"SearchAction\",\"target\":{\"@type\":\"EntryPoint\",\"urlTemplate\":\"https:\/\/www.spanco.com\/?s={search_term_string}\"},\"query-input\":{\"@type\":\"PropertyValueSpecification\",\"valueRequired\":true,\"valueName\":\"search_term_string\"}}],\"inLanguage\":\"es\"},{\"@type\":\"Organization\",\"@id\":\"https:\/\/www.spanco.com\/#organization\",\"name\":\"Spanco\",\"url\":\"https:\/\/www.spanco.com\/\",\"logo\":{\"@type\":\"ImageObject\",\"inLanguage\":\"es\",\"@id\":\"https:\/\/www.spanco.com\/#\/schema\/logo\/image\/\",\"url\":\"https:\/\/www.spanco.com\/wp-content\/uploads\/2020\/07\/SPANCO-logo-tagline.svg\",\"contentUrl\":\"https:\/\/www.spanco.com\/wp-content\/uploads\/2020\/07\/SPANCO-logo-tagline.svg\",\"width\":1,\"height\":1,\"caption\":\"Spanco\"},\"image\":{\"@id\":\"https:\/\/www.spanco.com\/#\/schema\/logo\/image\/\"}}]}<\/script>\n<!-- \/ Yoast SEO plugin. -->","yoast_head_json":{"title":"TR\u00cdPODES INDUSTRIALES - Spanco","robots":{"index":"index","follow":"follow","max-snippet":"max-snippet:-1","max-image-preview":"max-image-preview:large","max-video-preview":"max-video-preview:-1"},"canonical":"https:\/\/www.spanco.com\/es\/product\/tripodes-industriales\/","og_locale":"es_ES","og_type":"article","og_title":"TR\u00cdPODES INDUSTRIALES - Spanco","og_description":"Los tr\u00edpodes industriales Spanco ofrecen soluciones m\u00f3viles para levantar cargas pesadas casi en cualquier lugar, incluso en espacios estrechos y en exteriores que no cuentan con estructuras a\u00e9reas, gr\u00faas o acceso para montacargas. Para un r\u00e1pido ajuste de la altura, cada una de las patas telesc\u00f3picas del tr\u00edpode se ajusta en forma independiente en incrementos&hellip;","og_url":"https:\/\/www.spanco.com\/es\/product\/tripodes-industriales\/","og_site_name":"Spanco","article_modified_time":"2021-06-09T21:31:43+00:00","twitter_card":"summary_large_image","twitter_misc":{"Tiempo de lectura":"1 minuto"},"schema":{"@context":"https:\/\/schema.org","@graph":[{"@type":"WebPage","@id":"https:\/\/www.spanco.com\/es\/product\/tripodes-industriales\/","url":"https:\/\/www.spanco.com\/es\/product\/tripodes-industriales\/","name":"TR\u00cdPODES INDUSTRIALES - Spanco","isPartOf":{"@id":"https:\/\/www.spanco.com\/#website"},"datePublished":"2021-01-25T14:41:14+00:00","dateModified":"2021-06-09T21:31:43+00:00","breadcrumb":{"@id":"https:\/\/www.spanco.com\/es\/product\/tripodes-industriales\/#breadcrumb"},"inLanguage":"es","potentialAction":[{"@type":"ReadAction","target":["https:\/\/www.spanco.com\/es\/product\/tripodes-industriales\/"]}]},{"@type":"BreadcrumbList","@id":"https:\/\/www.spanco.com\/es\/product\/tripodes-industriales\/#breadcrumb","itemListElement":[{"@type":"ListItem","position":1,"name":"Home","item":"https:\/\/www.spanco.com\/es\/casa\/"},{"@type":"ListItem","position":2,"name":"Products","item":"https:\/\/www.spanco.com\/products\/"},{"@type":"ListItem","position":3,"name":"TR\u00cdPODES INDUSTRIALES"}]},{"@type":"WebSite","@id":"https:\/\/www.spanco.com\/#website","url":"https:\/\/www.spanco.com\/","name":"Spanco","description":"Explore Our Products - Materials Handling Solutions","publisher":{"@id":"https:\/\/www.spanco.com\/#organization"},"potentialAction":[{"@type":"SearchAction","target":{"@type":"EntryPoint","urlTemplate":"https:\/\/www.spanco.com\/?s={search_term_string}"},"query-input":{"@type":"PropertyValueSpecification","valueRequired":true,"valueName":"search_term_string"}}],"inLanguage":"es"},{"@type":"Organization","@id":"https:\/\/www.spanco.com\/#organization","name":"Spanco","url":"https:\/\/www.spanco.com\/","logo":{"@type":"ImageObject","inLanguage":"es","@id":"https:\/\/www.spanco.com\/#\/schema\/logo\/image\/","url":"https:\/\/www.spanco.com\/wp-content\/uploads\/2020\/07\/SPANCO-logo-tagline.svg","contentUrl":"https:\/\/www.spanco.com\/wp-content\/uploads\/2020\/07\/SPANCO-logo-tagline.svg","width":1,"height":1,"caption":"Spanco"},"image":{"@id":"https:\/\/www.spanco.com\/#\/schema\/logo\/image\/"}}]}},"_links":{"self":[{"href":"https:\/\/www.spanco.com\/es\/wp-json\/wp\/v2\/product\/1788","targetHints":{"allow":["GET"]}}],"collection":[{"href":"https:\/\/www.spanco.com\/es\/wp-json\/wp\/v2\/product"}],"about":[{"href":"https:\/\/www.spanco.com\/es\/wp-json\/wp\/v2\/types\/product"}],"wp:attachment":[{"href":"https:\/\/www.spanco.com\/es\/wp-json\/wp\/v2\/media?parent=1788"}],"wp:term":[{"taxonomy":"product_category","embeddable":true,"href":"https:\/\/www.spanco.com\/es\/wp-json\/wp\/v2\/product_category?post=1788"}],"curies":[{"name":"wp","href":"https:\/\/api.w.org\/{rel}","templated":true}]}}