{"id":1791,"date":"2021-01-25T09:47:07","date_gmt":"2021-01-25T14:47:07","guid":{"rendered":"https:\/\/www.spanco.com\/product\/gruas-bandera-estilo-mastil-con-voladizo-completo-serie-201\/"},"modified":"2024-02-20T10:13:50","modified_gmt":"2024-02-20T15:13:50","slug":"gruas-bandera-estilo-mastil-con-voladizo-completo-serie-201","status":"publish","type":"product","link":"https:\/\/www.spanco.com\/es\/product\/gruas-bandera-estilo-mastil-con-voladizo-completo-serie-201\/","title":{"rendered":"Gr\u00faas bandera estilo m\u00e1stil con voladizo completo serie 201"},"content":{"rendered":"\n<p>Las gr\u00faas bandera montadas en un m\u00e1stil Spanco ofrecen rotaci\u00f3n de 360 grados a la par que eliminan el costo de una cimentaci\u00f3n especial que puede llegar a costar m\u00e1s que la gr\u00faa.<\/p>\n\n\n\n<p>Como alternativa de m\u00e1s bajo costo a las\u00a0<a href=\"https:\/\/www.spanco.com\/es\/product\/gruas-bandera-autosoportadas-montadas-sobre-cimentacion-serie-101\/\" target=\"_blank\" rel=\"noreferrer noopener\">gr\u00faas bandera autosoportadas<\/a>, estas gr\u00faas estilo m\u00e1stil con todas las funcionalidades:<\/p>\n\n\n\n<ul class=\"wp-block-list\">\n<li>Se empernan al piso y a la estructura de soporte a\u00e9rea existente (ej. vigas de acero).<\/li>\n\n\n\n<li>No requieren cimentaci\u00f3n especial, tan solo un piso de concreto reforzado de 15 cm (6\u2033).<\/li>\n\n\n\n<li>Est\u00e1n disponibles con rotaci\u00f3n motorizada en todos los modelos.<\/li>\n<\/ul>\n\n\n\n<p><strong>Gr\u00faas bandera estilo m\u00e1stil con voladizo completo serie 201:&nbsp;<\/strong>Son id\u00e9nticas a las de la serie 200 con la diferencia de que a \u00e9stas se les a\u00f1ade placas laterales para el montaje permanente del brazo en posici\u00f3n \u201cintermedia\u201d a cualquier altura del m\u00e1stil que se especifique. Los brazos voladizos intermedios permiten contar con espacio libre de obstrucciones a\u00e9reas que est\u00e1n ubicadas por debajo de la parte superior del m\u00e1stil permiten que quede m\u00e1s espacio libre de obstrucciones a\u00e9reas ubicadas debajo de la parte superior del m\u00e1stil.<\/p>\n","protected":false},"featured_media":0,"parent":0,"template":"","product_category":[87],"class_list":["post-1791","product","type-product","status-publish","hentry","product_category-jib-cranes-es"],"acf":[],"yoast_head":"<!-- This site is optimized with the Yoast SEO plugin v27.0 - https:\/\/yoast.com\/product\/yoast-seo-wordpress\/ -->\n<title>Gr\u00faas bandera estilo m\u00e1stil con voladizo completo serie 201 - Spanco<\/title>\n<meta name=\"robots\" content=\"index, follow, max-snippet:-1, max-image-preview:large, max-video-preview:-1\" \/>\n<link rel=\"canonical\" href=\"https:\/\/www.spanco.com\/es\/product\/gruas-bandera-estilo-mastil-con-voladizo-completo-serie-201\/\" \/>\n<meta property=\"og:locale\" content=\"es_ES\" \/>\n<meta property=\"og:type\" content=\"article\" \/>\n<meta property=\"og:title\" content=\"Gr\u00faas bandera estilo m\u00e1stil con voladizo completo serie 201 - Spanco\" \/>\n<meta property=\"og:description\" content=\"Las gr\u00faas bandera montadas en un m\u00e1stil Spanco ofrecen rotaci\u00f3n de 360 grados a la par que eliminan el costo de una cimentaci\u00f3n especial que puede llegar a costar m\u00e1s que la gr\u00faa. Como alternativa de m\u00e1s bajo costo a las\u00a0gr\u00faas bandera autosoportadas, estas gr\u00faas estilo m\u00e1stil con todas las funcionalidades: Gr\u00faas bandera estilo m\u00e1stil&hellip;\" \/>\n<meta property=\"og:url\" content=\"https:\/\/www.spanco.com\/es\/product\/gruas-bandera-estilo-mastil-con-voladizo-completo-serie-201\/\" \/>\n<meta property=\"og:site_name\" content=\"Spanco\" \/>\n<meta property=\"article:modified_time\" content=\"2024-02-20T15:13:50+00:00\" \/>\n<meta name=\"twitter:card\" content=\"summary_large_image\" \/>\n<meta name=\"twitter:label1\" content=\"Tiempo de lectura\" \/>\n\t<meta name=\"twitter:data1\" content=\"1 minuto\" \/>\n<script type=\"application\/ld+json\" class=\"yoast-schema-graph\">{\"@context\":\"https:\/\/schema.org\",\"@graph\":[{\"@type\":\"WebPage\",\"@id\":\"https:\/\/www.spanco.com\/es\/product\/gruas-bandera-estilo-mastil-con-voladizo-completo-serie-201\/\",\"url\":\"https:\/\/www.spanco.com\/es\/product\/gruas-bandera-estilo-mastil-con-voladizo-completo-serie-201\/\",\"name\":\"Gr\u00faas bandera estilo m\u00e1stil con voladizo completo serie 201 - Spanco\",\"isPartOf\":{\"@id\":\"https:\/\/www.spanco.com\/#website\"},\"datePublished\":\"2021-01-25T14:47:07+00:00\",\"dateModified\":\"2024-02-20T15:13:50+00:00\",\"breadcrumb\":{\"@id\":\"https:\/\/www.spanco.com\/es\/product\/gruas-bandera-estilo-mastil-con-voladizo-completo-serie-201\/#breadcrumb\"},\"inLanguage\":\"es\",\"potentialAction\":[{\"@type\":\"ReadAction\",\"target\":[\"https:\/\/www.spanco.com\/es\/product\/gruas-bandera-estilo-mastil-con-voladizo-completo-serie-201\/\"]}]},{\"@type\":\"BreadcrumbList\",\"@id\":\"https:\/\/www.spanco.com\/es\/product\/gruas-bandera-estilo-mastil-con-voladizo-completo-serie-201\/#breadcrumb\",\"itemListElement\":[{\"@type\":\"ListItem\",\"position\":1,\"name\":\"Home\",\"item\":\"https:\/\/www.spanco.com\/es\/casa\/\"},{\"@type\":\"ListItem\",\"position\":2,\"name\":\"Products\",\"item\":\"https:\/\/www.spanco.com\/products\/\"},{\"@type\":\"ListItem\",\"position\":3,\"name\":\"Gr\u00faas bandera estilo m\u00e1stil con voladizo completo serie 201\"}]},{\"@type\":\"WebSite\",\"@id\":\"https:\/\/www.spanco.com\/#website\",\"url\":\"https:\/\/www.spanco.com\/\",\"name\":\"Spanco\",\"description\":\"Explore Our Products - Materials Handling Solutions\",\"publisher\":{\"@id\":\"https:\/\/www.spanco.com\/#organization\"},\"potentialAction\":[{\"@type\":\"SearchAction\",\"target\":{\"@type\":\"EntryPoint\",\"urlTemplate\":\"https:\/\/www.spanco.com\/?s={search_term_string}\"},\"query-input\":{\"@type\":\"PropertyValueSpecification\",\"valueRequired\":true,\"valueName\":\"search_term_string\"}}],\"inLanguage\":\"es\"},{\"@type\":\"Organization\",\"@id\":\"https:\/\/www.spanco.com\/#organization\",\"name\":\"Spanco\",\"url\":\"https:\/\/www.spanco.com\/\",\"logo\":{\"@type\":\"ImageObject\",\"inLanguage\":\"es\",\"@id\":\"https:\/\/www.spanco.com\/#\/schema\/logo\/image\/\",\"url\":\"https:\/\/www.spanco.com\/wp-content\/uploads\/2020\/07\/SPANCO-logo-tagline.svg\",\"contentUrl\":\"https:\/\/www.spanco.com\/wp-content\/uploads\/2020\/07\/SPANCO-logo-tagline.svg\",\"width\":1,\"height\":1,\"caption\":\"Spanco\"},\"image\":{\"@id\":\"https:\/\/www.spanco.com\/#\/schema\/logo\/image\/\"}}]}<\/script>\n<!-- \/ Yoast SEO plugin. -->","yoast_head_json":{"title":"Gr\u00faas bandera estilo m\u00e1stil con voladizo completo serie 201 - Spanco","robots":{"index":"index","follow":"follow","max-snippet":"max-snippet:-1","max-image-preview":"max-image-preview:large","max-video-preview":"max-video-preview:-1"},"canonical":"https:\/\/www.spanco.com\/es\/product\/gruas-bandera-estilo-mastil-con-voladizo-completo-serie-201\/","og_locale":"es_ES","og_type":"article","og_title":"Gr\u00faas bandera estilo m\u00e1stil con voladizo completo serie 201 - Spanco","og_description":"Las gr\u00faas bandera montadas en un m\u00e1stil Spanco ofrecen rotaci\u00f3n de 360 grados a la par que eliminan el costo de una cimentaci\u00f3n especial que puede llegar a costar m\u00e1s que la gr\u00faa. Como alternativa de m\u00e1s bajo costo a las\u00a0gr\u00faas bandera autosoportadas, estas gr\u00faas estilo m\u00e1stil con todas las funcionalidades: Gr\u00faas bandera estilo m\u00e1stil&hellip;","og_url":"https:\/\/www.spanco.com\/es\/product\/gruas-bandera-estilo-mastil-con-voladizo-completo-serie-201\/","og_site_name":"Spanco","article_modified_time":"2024-02-20T15:13:50+00:00","twitter_card":"summary_large_image","twitter_misc":{"Tiempo de lectura":"1 minuto"},"schema":{"@context":"https:\/\/schema.org","@graph":[{"@type":"WebPage","@id":"https:\/\/www.spanco.com\/es\/product\/gruas-bandera-estilo-mastil-con-voladizo-completo-serie-201\/","url":"https:\/\/www.spanco.com\/es\/product\/gruas-bandera-estilo-mastil-con-voladizo-completo-serie-201\/","name":"Gr\u00faas bandera estilo m\u00e1stil con voladizo completo serie 201 - Spanco","isPartOf":{"@id":"https:\/\/www.spanco.com\/#website"},"datePublished":"2021-01-25T14:47:07+00:00","dateModified":"2024-02-20T15:13:50+00:00","breadcrumb":{"@id":"https:\/\/www.spanco.com\/es\/product\/gruas-bandera-estilo-mastil-con-voladizo-completo-serie-201\/#breadcrumb"},"inLanguage":"es","potentialAction":[{"@type":"ReadAction","target":["https:\/\/www.spanco.com\/es\/product\/gruas-bandera-estilo-mastil-con-voladizo-completo-serie-201\/"]}]},{"@type":"BreadcrumbList","@id":"https:\/\/www.spanco.com\/es\/product\/gruas-bandera-estilo-mastil-con-voladizo-completo-serie-201\/#breadcrumb","itemListElement":[{"@type":"ListItem","position":1,"name":"Home","item":"https:\/\/www.spanco.com\/es\/casa\/"},{"@type":"ListItem","position":2,"name":"Products","item":"https:\/\/www.spanco.com\/products\/"},{"@type":"ListItem","position":3,"name":"Gr\u00faas bandera estilo m\u00e1stil con voladizo completo serie 201"}]},{"@type":"WebSite","@id":"https:\/\/www.spanco.com\/#website","url":"https:\/\/www.spanco.com\/","name":"Spanco","description":"Explore Our Products - Materials Handling Solutions","publisher":{"@id":"https:\/\/www.spanco.com\/#organization"},"potentialAction":[{"@type":"SearchAction","target":{"@type":"EntryPoint","urlTemplate":"https:\/\/www.spanco.com\/?s={search_term_string}"},"query-input":{"@type":"PropertyValueSpecification","valueRequired":true,"valueName":"search_term_string"}}],"inLanguage":"es"},{"@type":"Organization","@id":"https:\/\/www.spanco.com\/#organization","name":"Spanco","url":"https:\/\/www.spanco.com\/","logo":{"@type":"ImageObject","inLanguage":"es","@id":"https:\/\/www.spanco.com\/#\/schema\/logo\/image\/","url":"https:\/\/www.spanco.com\/wp-content\/uploads\/2020\/07\/SPANCO-logo-tagline.svg","contentUrl":"https:\/\/www.spanco.com\/wp-content\/uploads\/2020\/07\/SPANCO-logo-tagline.svg","width":1,"height":1,"caption":"Spanco"},"image":{"@id":"https:\/\/www.spanco.com\/#\/schema\/logo\/image\/"}}]}},"_links":{"self":[{"href":"https:\/\/www.spanco.com\/es\/wp-json\/wp\/v2\/product\/1791","targetHints":{"allow":["GET"]}}],"collection":[{"href":"https:\/\/www.spanco.com\/es\/wp-json\/wp\/v2\/product"}],"about":[{"href":"https:\/\/www.spanco.com\/es\/wp-json\/wp\/v2\/types\/product"}],"wp:attachment":[{"href":"https:\/\/www.spanco.com\/es\/wp-json\/wp\/v2\/media?parent=1791"}],"wp:term":[{"taxonomy":"product_category","embeddable":true,"href":"https:\/\/www.spanco.com\/es\/wp-json\/wp\/v2\/product_category?post=1791"}],"curies":[{"name":"wp","href":"https:\/\/api.w.org\/{rel}","templated":true}]}}