{"id":1794,"date":"2021-01-25T10:11:46","date_gmt":"2021-01-25T15:11:46","guid":{"rendered":"https:\/\/www.spanco.com\/product\/gruas-bandera-articuladas-autosoportadas-serie-402\/"},"modified":"2021-06-09T17:31:44","modified_gmt":"2021-06-09T21:31:44","slug":"gruas-bandera-articuladas-autosoportadas-serie-402","status":"publish","type":"product","link":"https:\/\/www.spanco.com\/es\/product\/gruas-bandera-articuladas-autosoportadas-serie-402\/","title":{"rendered":"Gr\u00faas bandera articuladas autosoportadas serie 402"},"content":{"rendered":"\n<ul class=\"wp-block-list\"><li>Rotaci\u00f3n de la gr\u00faa: autosoportada y suspendidas del techo: 360\u00b0<\/li><li>Montadas en la pared: 180\u00b0 el brazo interno y 360\u00b0 el brazo externo<\/li><li>Claro: Hasta 5 m (16&#8242;)<\/li><li>Capacidad: 113,4 kg a 907 kg (150 a 2000 lb)<\/li><\/ul>\n\n\n\n<p>Las gr\u00faas bandera articuladas Spanco pueden levantar alrededor de columnas y esquinas, as\u00ed como debajo o al interior de maquinaria y contenedores, pudiendo dar servicio virtualmente a cualquier punto entre el anclaje pivotante y el punto m\u00e1s alejado hasta donde llega el brazo.<\/p>\n\n\n\n<p>Estas gr\u00faas bandera soportan casi cualquier tipo de dispositivo manipulador, de balanceo o polipasto. Nuestras gr\u00faas bandera articuladas se pueden montar en el piso, en la pared, en el techo o en una gr\u00faa puente para acomodarse a cada aplicaci\u00f3n sus necesidades particulares.<\/p>\n","protected":false},"featured_media":0,"parent":0,"template":"","product_category":[87],"class_list":["post-1794","product","type-product","status-publish","hentry","product_category-jib-cranes-es"],"acf":[],"yoast_head":"<!-- This site is optimized with the Yoast SEO plugin v27.0 - https:\/\/yoast.com\/product\/yoast-seo-wordpress\/ -->\n<title>Gr\u00faas bandera articuladas autosoportadas serie 402 - Spanco<\/title>\n<meta name=\"robots\" content=\"index, follow, max-snippet:-1, max-image-preview:large, max-video-preview:-1\" \/>\n<link rel=\"canonical\" href=\"https:\/\/www.spanco.com\/es\/product\/gruas-bandera-articuladas-autosoportadas-serie-402\/\" \/>\n<meta property=\"og:locale\" content=\"es_ES\" \/>\n<meta property=\"og:type\" content=\"article\" \/>\n<meta property=\"og:title\" content=\"Gr\u00faas bandera articuladas autosoportadas serie 402 - Spanco\" \/>\n<meta property=\"og:description\" content=\"Rotaci\u00f3n de la gr\u00faa: autosoportada y suspendidas del techo: 360\u00b0 Montadas en la pared: 180\u00b0 el brazo interno y 360\u00b0 el brazo externo Claro: Hasta 5 m (16&#8242;) Capacidad: 113,4 kg a 907 kg (150 a 2000 lb) Las gr\u00faas bandera articuladas Spanco pueden levantar alrededor de columnas y esquinas, as\u00ed como debajo o al&hellip;\" \/>\n<meta property=\"og:url\" content=\"https:\/\/www.spanco.com\/es\/product\/gruas-bandera-articuladas-autosoportadas-serie-402\/\" \/>\n<meta property=\"og:site_name\" content=\"Spanco\" \/>\n<meta property=\"article:modified_time\" content=\"2021-06-09T21:31:44+00:00\" \/>\n<meta name=\"twitter:card\" content=\"summary_large_image\" \/>\n<meta name=\"twitter:label1\" content=\"Tiempo de lectura\" \/>\n\t<meta name=\"twitter:data1\" content=\"1 minuto\" \/>\n<script type=\"application\/ld+json\" class=\"yoast-schema-graph\">{\"@context\":\"https:\/\/schema.org\",\"@graph\":[{\"@type\":\"WebPage\",\"@id\":\"https:\/\/www.spanco.com\/es\/product\/gruas-bandera-articuladas-autosoportadas-serie-402\/\",\"url\":\"https:\/\/www.spanco.com\/es\/product\/gruas-bandera-articuladas-autosoportadas-serie-402\/\",\"name\":\"Gr\u00faas bandera articuladas autosoportadas serie 402 - Spanco\",\"isPartOf\":{\"@id\":\"https:\/\/www.spanco.com\/#website\"},\"datePublished\":\"2021-01-25T15:11:46+00:00\",\"dateModified\":\"2021-06-09T21:31:44+00:00\",\"breadcrumb\":{\"@id\":\"https:\/\/www.spanco.com\/es\/product\/gruas-bandera-articuladas-autosoportadas-serie-402\/#breadcrumb\"},\"inLanguage\":\"es\",\"potentialAction\":[{\"@type\":\"ReadAction\",\"target\":[\"https:\/\/www.spanco.com\/es\/product\/gruas-bandera-articuladas-autosoportadas-serie-402\/\"]}]},{\"@type\":\"BreadcrumbList\",\"@id\":\"https:\/\/www.spanco.com\/es\/product\/gruas-bandera-articuladas-autosoportadas-serie-402\/#breadcrumb\",\"itemListElement\":[{\"@type\":\"ListItem\",\"position\":1,\"name\":\"Home\",\"item\":\"https:\/\/www.spanco.com\/es\/casa\/\"},{\"@type\":\"ListItem\",\"position\":2,\"name\":\"Products\",\"item\":\"https:\/\/www.spanco.com\/products\/\"},{\"@type\":\"ListItem\",\"position\":3,\"name\":\"Gr\u00faas bandera articuladas autosoportadas serie 402\"}]},{\"@type\":\"WebSite\",\"@id\":\"https:\/\/www.spanco.com\/#website\",\"url\":\"https:\/\/www.spanco.com\/\",\"name\":\"Spanco\",\"description\":\"Explore Our Products - Materials Handling Solutions\",\"publisher\":{\"@id\":\"https:\/\/www.spanco.com\/#organization\"},\"potentialAction\":[{\"@type\":\"SearchAction\",\"target\":{\"@type\":\"EntryPoint\",\"urlTemplate\":\"https:\/\/www.spanco.com\/?s={search_term_string}\"},\"query-input\":{\"@type\":\"PropertyValueSpecification\",\"valueRequired\":true,\"valueName\":\"search_term_string\"}}],\"inLanguage\":\"es\"},{\"@type\":\"Organization\",\"@id\":\"https:\/\/www.spanco.com\/#organization\",\"name\":\"Spanco\",\"url\":\"https:\/\/www.spanco.com\/\",\"logo\":{\"@type\":\"ImageObject\",\"inLanguage\":\"es\",\"@id\":\"https:\/\/www.spanco.com\/#\/schema\/logo\/image\/\",\"url\":\"https:\/\/www.spanco.com\/wp-content\/uploads\/2020\/07\/SPANCO-logo-tagline.svg\",\"contentUrl\":\"https:\/\/www.spanco.com\/wp-content\/uploads\/2020\/07\/SPANCO-logo-tagline.svg\",\"width\":1,\"height\":1,\"caption\":\"Spanco\"},\"image\":{\"@id\":\"https:\/\/www.spanco.com\/#\/schema\/logo\/image\/\"}}]}<\/script>\n<!-- \/ Yoast SEO plugin. -->","yoast_head_json":{"title":"Gr\u00faas bandera articuladas autosoportadas serie 402 - Spanco","robots":{"index":"index","follow":"follow","max-snippet":"max-snippet:-1","max-image-preview":"max-image-preview:large","max-video-preview":"max-video-preview:-1"},"canonical":"https:\/\/www.spanco.com\/es\/product\/gruas-bandera-articuladas-autosoportadas-serie-402\/","og_locale":"es_ES","og_type":"article","og_title":"Gr\u00faas bandera articuladas autosoportadas serie 402 - Spanco","og_description":"Rotaci\u00f3n de la gr\u00faa: autosoportada y suspendidas del techo: 360\u00b0 Montadas en la pared: 180\u00b0 el brazo interno y 360\u00b0 el brazo externo Claro: Hasta 5 m (16&#8242;) Capacidad: 113,4 kg a 907 kg (150 a 2000 lb) Las gr\u00faas bandera articuladas Spanco pueden levantar alrededor de columnas y esquinas, as\u00ed como debajo o al&hellip;","og_url":"https:\/\/www.spanco.com\/es\/product\/gruas-bandera-articuladas-autosoportadas-serie-402\/","og_site_name":"Spanco","article_modified_time":"2021-06-09T21:31:44+00:00","twitter_card":"summary_large_image","twitter_misc":{"Tiempo de lectura":"1 minuto"},"schema":{"@context":"https:\/\/schema.org","@graph":[{"@type":"WebPage","@id":"https:\/\/www.spanco.com\/es\/product\/gruas-bandera-articuladas-autosoportadas-serie-402\/","url":"https:\/\/www.spanco.com\/es\/product\/gruas-bandera-articuladas-autosoportadas-serie-402\/","name":"Gr\u00faas bandera articuladas autosoportadas serie 402 - Spanco","isPartOf":{"@id":"https:\/\/www.spanco.com\/#website"},"datePublished":"2021-01-25T15:11:46+00:00","dateModified":"2021-06-09T21:31:44+00:00","breadcrumb":{"@id":"https:\/\/www.spanco.com\/es\/product\/gruas-bandera-articuladas-autosoportadas-serie-402\/#breadcrumb"},"inLanguage":"es","potentialAction":[{"@type":"ReadAction","target":["https:\/\/www.spanco.com\/es\/product\/gruas-bandera-articuladas-autosoportadas-serie-402\/"]}]},{"@type":"BreadcrumbList","@id":"https:\/\/www.spanco.com\/es\/product\/gruas-bandera-articuladas-autosoportadas-serie-402\/#breadcrumb","itemListElement":[{"@type":"ListItem","position":1,"name":"Home","item":"https:\/\/www.spanco.com\/es\/casa\/"},{"@type":"ListItem","position":2,"name":"Products","item":"https:\/\/www.spanco.com\/products\/"},{"@type":"ListItem","position":3,"name":"Gr\u00faas bandera articuladas autosoportadas serie 402"}]},{"@type":"WebSite","@id":"https:\/\/www.spanco.com\/#website","url":"https:\/\/www.spanco.com\/","name":"Spanco","description":"Explore Our Products - Materials Handling Solutions","publisher":{"@id":"https:\/\/www.spanco.com\/#organization"},"potentialAction":[{"@type":"SearchAction","target":{"@type":"EntryPoint","urlTemplate":"https:\/\/www.spanco.com\/?s={search_term_string}"},"query-input":{"@type":"PropertyValueSpecification","valueRequired":true,"valueName":"search_term_string"}}],"inLanguage":"es"},{"@type":"Organization","@id":"https:\/\/www.spanco.com\/#organization","name":"Spanco","url":"https:\/\/www.spanco.com\/","logo":{"@type":"ImageObject","inLanguage":"es","@id":"https:\/\/www.spanco.com\/#\/schema\/logo\/image\/","url":"https:\/\/www.spanco.com\/wp-content\/uploads\/2020\/07\/SPANCO-logo-tagline.svg","contentUrl":"https:\/\/www.spanco.com\/wp-content\/uploads\/2020\/07\/SPANCO-logo-tagline.svg","width":1,"height":1,"caption":"Spanco"},"image":{"@id":"https:\/\/www.spanco.com\/#\/schema\/logo\/image\/"}}]}},"_links":{"self":[{"href":"https:\/\/www.spanco.com\/es\/wp-json\/wp\/v2\/product\/1794","targetHints":{"allow":["GET"]}}],"collection":[{"href":"https:\/\/www.spanco.com\/es\/wp-json\/wp\/v2\/product"}],"about":[{"href":"https:\/\/www.spanco.com\/es\/wp-json\/wp\/v2\/types\/product"}],"wp:attachment":[{"href":"https:\/\/www.spanco.com\/es\/wp-json\/wp\/v2\/media?parent=1794"}],"wp:term":[{"taxonomy":"product_category","embeddable":true,"href":"https:\/\/www.spanco.com\/es\/wp-json\/wp\/v2\/product_category?post=1794"}],"curies":[{"name":"wp","href":"https:\/\/api.w.org\/{rel}","templated":true}]}}