{"id":1795,"date":"2021-01-25T10:18:56","date_gmt":"2021-01-25T15:18:56","guid":{"rendered":"https:\/\/www.spanco.com\/product\/gruas-bandera-autosoportadas-montadas-con-placa-base-serie-100\/"},"modified":"2021-09-02T08:06:30","modified_gmt":"2021-09-02T12:06:30","slug":"gruas-bandera-autosoportadas-montadas-con-placa-base-serie-100","status":"publish","type":"product","link":"https:\/\/www.spanco.com\/es\/product\/gruas-bandera-autosoportadas-montadas-con-placa-base-serie-100\/","title":{"rendered":"Gr\u00faas bandera autosoportadas montadas con placa base serie 100"},"content":{"rendered":"\n<ul class=\"wp-block-list\"><li>Rotaci\u00f3n de la gr\u00faa: 360\u00b0<\/li><li>Capacidad: Hasta 13.600 kg<\/li><li>Claro: Hasta 15 m (50&#8242;)<\/li><li>Altura debajo del brazo: Hasta 12 m (40&#8242;)<\/li><\/ul>\n\n\n\n<p>Spanco Freestanding Jib Cranes provide higher capacities and longer spans than wall-mounted cranes. These foundation-mounted cranes install almost anywhere.<\/p>\n","protected":false},"featured_media":0,"parent":0,"template":"","product_category":[87],"class_list":["post-1795","product","type-product","status-publish","hentry","product_category-jib-cranes-es"],"acf":[],"yoast_head":"<!-- This site is optimized with the Yoast SEO plugin v27.0 - https:\/\/yoast.com\/product\/yoast-seo-wordpress\/ -->\n<title>Gr\u00faas bandera autosoportadas montadas con placa base serie 100 - Spanco<\/title>\n<meta name=\"description\" content=\"Nuestra gr\u00faa giratoria independiente de la serie 100 ofrece mayores capacidades y vanos m\u00e1s largos que las gr\u00faas montadas en la pared. \u00a1Aprenda m\u00e1s hoy!\" \/>\n<meta name=\"robots\" content=\"index, follow, max-snippet:-1, max-image-preview:large, max-video-preview:-1\" \/>\n<link rel=\"canonical\" href=\"https:\/\/www.spanco.com\/es\/product\/gruas-bandera-autosoportadas-montadas-con-placa-base-serie-100\/\" \/>\n<meta property=\"og:locale\" content=\"es_ES\" \/>\n<meta property=\"og:type\" content=\"article\" \/>\n<meta property=\"og:title\" content=\"Gr\u00faas bandera autosoportadas montadas con placa base serie 100 - Spanco\" \/>\n<meta property=\"og:description\" content=\"Nuestra gr\u00faa giratoria independiente de la serie 100 ofrece mayores capacidades y vanos m\u00e1s largos que las gr\u00faas montadas en la pared. \u00a1Aprenda m\u00e1s hoy!\" \/>\n<meta property=\"og:url\" content=\"https:\/\/www.spanco.com\/es\/product\/gruas-bandera-autosoportadas-montadas-con-placa-base-serie-100\/\" \/>\n<meta property=\"og:site_name\" content=\"Spanco\" \/>\n<meta property=\"article:modified_time\" content=\"2021-09-02T12:06:30+00:00\" \/>\n<meta name=\"twitter:card\" content=\"summary_large_image\" \/>\n<meta name=\"twitter:label1\" content=\"Tiempo de lectura\" \/>\n\t<meta name=\"twitter:data1\" content=\"1 minuto\" \/>\n<script type=\"application\/ld+json\" class=\"yoast-schema-graph\">{\"@context\":\"https:\/\/schema.org\",\"@graph\":[{\"@type\":\"WebPage\",\"@id\":\"https:\/\/www.spanco.com\/es\/product\/gruas-bandera-autosoportadas-montadas-con-placa-base-serie-100\/\",\"url\":\"https:\/\/www.spanco.com\/es\/product\/gruas-bandera-autosoportadas-montadas-con-placa-base-serie-100\/\",\"name\":\"Gr\u00faas bandera autosoportadas montadas con placa base serie 100 - Spanco\",\"isPartOf\":{\"@id\":\"https:\/\/www.spanco.com\/#website\"},\"datePublished\":\"2021-01-25T15:18:56+00:00\",\"dateModified\":\"2021-09-02T12:06:30+00:00\",\"description\":\"Nuestra gr\u00faa giratoria independiente de la serie 100 ofrece mayores capacidades y vanos m\u00e1s largos que las gr\u00faas montadas en la pared. \u00a1Aprenda m\u00e1s hoy!\",\"breadcrumb\":{\"@id\":\"https:\/\/www.spanco.com\/es\/product\/gruas-bandera-autosoportadas-montadas-con-placa-base-serie-100\/#breadcrumb\"},\"inLanguage\":\"es\",\"potentialAction\":[{\"@type\":\"ReadAction\",\"target\":[\"https:\/\/www.spanco.com\/es\/product\/gruas-bandera-autosoportadas-montadas-con-placa-base-serie-100\/\"]}]},{\"@type\":\"BreadcrumbList\",\"@id\":\"https:\/\/www.spanco.com\/es\/product\/gruas-bandera-autosoportadas-montadas-con-placa-base-serie-100\/#breadcrumb\",\"itemListElement\":[{\"@type\":\"ListItem\",\"position\":1,\"name\":\"Home\",\"item\":\"https:\/\/www.spanco.com\/es\/casa\/\"},{\"@type\":\"ListItem\",\"position\":2,\"name\":\"Products\",\"item\":\"https:\/\/www.spanco.com\/products\/\"},{\"@type\":\"ListItem\",\"position\":3,\"name\":\"Gr\u00faas bandera autosoportadas montadas con placa base serie 100\"}]},{\"@type\":\"WebSite\",\"@id\":\"https:\/\/www.spanco.com\/#website\",\"url\":\"https:\/\/www.spanco.com\/\",\"name\":\"Spanco\",\"description\":\"Explore Our Products - Materials Handling Solutions\",\"publisher\":{\"@id\":\"https:\/\/www.spanco.com\/#organization\"},\"potentialAction\":[{\"@type\":\"SearchAction\",\"target\":{\"@type\":\"EntryPoint\",\"urlTemplate\":\"https:\/\/www.spanco.com\/?s={search_term_string}\"},\"query-input\":{\"@type\":\"PropertyValueSpecification\",\"valueRequired\":true,\"valueName\":\"search_term_string\"}}],\"inLanguage\":\"es\"},{\"@type\":\"Organization\",\"@id\":\"https:\/\/www.spanco.com\/#organization\",\"name\":\"Spanco\",\"url\":\"https:\/\/www.spanco.com\/\",\"logo\":{\"@type\":\"ImageObject\",\"inLanguage\":\"es\",\"@id\":\"https:\/\/www.spanco.com\/#\/schema\/logo\/image\/\",\"url\":\"https:\/\/www.spanco.com\/wp-content\/uploads\/2020\/07\/SPANCO-logo-tagline.svg\",\"contentUrl\":\"https:\/\/www.spanco.com\/wp-content\/uploads\/2020\/07\/SPANCO-logo-tagline.svg\",\"width\":1,\"height\":1,\"caption\":\"Spanco\"},\"image\":{\"@id\":\"https:\/\/www.spanco.com\/#\/schema\/logo\/image\/\"}}]}<\/script>\n<!-- \/ Yoast SEO plugin. -->","yoast_head_json":{"title":"Gr\u00faas bandera autosoportadas montadas con placa base serie 100 - Spanco","description":"Nuestra gr\u00faa giratoria independiente de la serie 100 ofrece mayores capacidades y vanos m\u00e1s largos que las gr\u00faas montadas en la pared. \u00a1Aprenda m\u00e1s hoy!","robots":{"index":"index","follow":"follow","max-snippet":"max-snippet:-1","max-image-preview":"max-image-preview:large","max-video-preview":"max-video-preview:-1"},"canonical":"https:\/\/www.spanco.com\/es\/product\/gruas-bandera-autosoportadas-montadas-con-placa-base-serie-100\/","og_locale":"es_ES","og_type":"article","og_title":"Gr\u00faas bandera autosoportadas montadas con placa base serie 100 - Spanco","og_description":"Nuestra gr\u00faa giratoria independiente de la serie 100 ofrece mayores capacidades y vanos m\u00e1s largos que las gr\u00faas montadas en la pared. \u00a1Aprenda m\u00e1s hoy!","og_url":"https:\/\/www.spanco.com\/es\/product\/gruas-bandera-autosoportadas-montadas-con-placa-base-serie-100\/","og_site_name":"Spanco","article_modified_time":"2021-09-02T12:06:30+00:00","twitter_card":"summary_large_image","twitter_misc":{"Tiempo de lectura":"1 minuto"},"schema":{"@context":"https:\/\/schema.org","@graph":[{"@type":"WebPage","@id":"https:\/\/www.spanco.com\/es\/product\/gruas-bandera-autosoportadas-montadas-con-placa-base-serie-100\/","url":"https:\/\/www.spanco.com\/es\/product\/gruas-bandera-autosoportadas-montadas-con-placa-base-serie-100\/","name":"Gr\u00faas bandera autosoportadas montadas con placa base serie 100 - Spanco","isPartOf":{"@id":"https:\/\/www.spanco.com\/#website"},"datePublished":"2021-01-25T15:18:56+00:00","dateModified":"2021-09-02T12:06:30+00:00","description":"Nuestra gr\u00faa giratoria independiente de la serie 100 ofrece mayores capacidades y vanos m\u00e1s largos que las gr\u00faas montadas en la pared. \u00a1Aprenda m\u00e1s hoy!","breadcrumb":{"@id":"https:\/\/www.spanco.com\/es\/product\/gruas-bandera-autosoportadas-montadas-con-placa-base-serie-100\/#breadcrumb"},"inLanguage":"es","potentialAction":[{"@type":"ReadAction","target":["https:\/\/www.spanco.com\/es\/product\/gruas-bandera-autosoportadas-montadas-con-placa-base-serie-100\/"]}]},{"@type":"BreadcrumbList","@id":"https:\/\/www.spanco.com\/es\/product\/gruas-bandera-autosoportadas-montadas-con-placa-base-serie-100\/#breadcrumb","itemListElement":[{"@type":"ListItem","position":1,"name":"Home","item":"https:\/\/www.spanco.com\/es\/casa\/"},{"@type":"ListItem","position":2,"name":"Products","item":"https:\/\/www.spanco.com\/products\/"},{"@type":"ListItem","position":3,"name":"Gr\u00faas bandera autosoportadas montadas con placa base serie 100"}]},{"@type":"WebSite","@id":"https:\/\/www.spanco.com\/#website","url":"https:\/\/www.spanco.com\/","name":"Spanco","description":"Explore Our Products - Materials Handling Solutions","publisher":{"@id":"https:\/\/www.spanco.com\/#organization"},"potentialAction":[{"@type":"SearchAction","target":{"@type":"EntryPoint","urlTemplate":"https:\/\/www.spanco.com\/?s={search_term_string}"},"query-input":{"@type":"PropertyValueSpecification","valueRequired":true,"valueName":"search_term_string"}}],"inLanguage":"es"},{"@type":"Organization","@id":"https:\/\/www.spanco.com\/#organization","name":"Spanco","url":"https:\/\/www.spanco.com\/","logo":{"@type":"ImageObject","inLanguage":"es","@id":"https:\/\/www.spanco.com\/#\/schema\/logo\/image\/","url":"https:\/\/www.spanco.com\/wp-content\/uploads\/2020\/07\/SPANCO-logo-tagline.svg","contentUrl":"https:\/\/www.spanco.com\/wp-content\/uploads\/2020\/07\/SPANCO-logo-tagline.svg","width":1,"height":1,"caption":"Spanco"},"image":{"@id":"https:\/\/www.spanco.com\/#\/schema\/logo\/image\/"}}]}},"_links":{"self":[{"href":"https:\/\/www.spanco.com\/es\/wp-json\/wp\/v2\/product\/1795","targetHints":{"allow":["GET"]}}],"collection":[{"href":"https:\/\/www.spanco.com\/es\/wp-json\/wp\/v2\/product"}],"about":[{"href":"https:\/\/www.spanco.com\/es\/wp-json\/wp\/v2\/types\/product"}],"wp:attachment":[{"href":"https:\/\/www.spanco.com\/es\/wp-json\/wp\/v2\/media?parent=1795"}],"wp:term":[{"taxonomy":"product_category","embeddable":true,"href":"https:\/\/www.spanco.com\/es\/wp-json\/wp\/v2\/product_category?post=1795"}],"curies":[{"name":"wp","href":"https:\/\/api.w.org\/{rel}","templated":true}]}}