{"id":1802,"date":"2021-01-25T10:26:02","date_gmt":"2021-01-25T15:26:02","guid":{"rendered":"https:\/\/www.spanco.com\/product\/gruas-bandera-para-estaciones-de-trabajo-montadas-en-la-pared-serie-501\/"},"modified":"2021-06-09T17:31:47","modified_gmt":"2021-06-09T21:31:47","slug":"gruas-bandera-para-estaciones-de-trabajo-montadas-en-la-pared-serie-501","status":"publish","type":"product","link":"https:\/\/www.spanco.com\/es\/product\/gruas-bandera-para-estaciones-de-trabajo-montadas-en-la-pared-serie-501\/","title":{"rendered":"Gr\u00faas bandera para estaciones de trabajo montadas en la pared serie 501"},"content":{"rendered":"\n<ul class=\"wp-block-list\"><li>Capacidad: Hasta 454 kg (1,000 lb)<\/li><li>Claro: Hasta 5 m (16&#8242;)<\/li><li>Rotaci\u00f3n: 180\u00b0 o 360\u00b0<\/li><li>Montaje: en la pared, el piso o con base port\u00e1til<\/li><\/ul>\n\n\n\n<p>Las gr\u00faas bandera para estaciones de trabajo Spanco ofrecen una elevaci\u00f3n sencilla y ergon\u00f3mica, as\u00ed como transferencia de cargas repetitivas. Son peque\u00f1as y ligeras y m\u00e1s r\u00e1pidas que las gr\u00faas bandera motorizadas, adem\u00e1s de ser muy asequibles. Nuestras gr\u00faas bandera para estaciones de trabajo pueden montarse en forma permanente sobre cimentaci\u00f3n, operar como equipos port\u00e1tiles con bases de contrapeso o sin cimentaci\u00f3n para adecuarse mejor a sus necesidades.<\/p>\n","protected":false},"featured_media":0,"parent":0,"template":"","product_category":[87],"class_list":["post-1802","product","type-product","status-publish","hentry","product_category-jib-cranes-es"],"acf":[],"yoast_head":"<!-- This site is optimized with the Yoast SEO plugin v27.0 - https:\/\/yoast.com\/product\/yoast-seo-wordpress\/ -->\n<title>Gr\u00faas bandera para estaciones de trabajo montadas en la pared serie 501 - Spanco<\/title>\n<meta name=\"robots\" content=\"index, follow, max-snippet:-1, max-image-preview:large, max-video-preview:-1\" \/>\n<link rel=\"canonical\" href=\"https:\/\/www.spanco.com\/es\/product\/gruas-bandera-para-estaciones-de-trabajo-montadas-en-la-pared-serie-501\/\" \/>\n<meta property=\"og:locale\" content=\"es_ES\" \/>\n<meta property=\"og:type\" content=\"article\" \/>\n<meta property=\"og:title\" content=\"Gr\u00faas bandera para estaciones de trabajo montadas en la pared serie 501 - Spanco\" \/>\n<meta property=\"og:description\" content=\"Capacidad: Hasta 454 kg (1,000 lb) Claro: Hasta 5 m (16&#8242;) Rotaci\u00f3n: 180\u00b0 o 360\u00b0 Montaje: en la pared, el piso o con base port\u00e1til Las gr\u00faas bandera para estaciones de trabajo Spanco ofrecen una elevaci\u00f3n sencilla y ergon\u00f3mica, as\u00ed como transferencia de cargas repetitivas. Son peque\u00f1as y ligeras y m\u00e1s r\u00e1pidas que las gr\u00faas&hellip;\" \/>\n<meta property=\"og:url\" content=\"https:\/\/www.spanco.com\/es\/product\/gruas-bandera-para-estaciones-de-trabajo-montadas-en-la-pared-serie-501\/\" \/>\n<meta property=\"og:site_name\" content=\"Spanco\" \/>\n<meta property=\"article:modified_time\" content=\"2021-06-09T21:31:47+00:00\" \/>\n<meta name=\"twitter:card\" content=\"summary_large_image\" \/>\n<meta name=\"twitter:label1\" content=\"Tiempo de lectura\" \/>\n\t<meta name=\"twitter:data1\" content=\"1 minuto\" \/>\n<script type=\"application\/ld+json\" class=\"yoast-schema-graph\">{\"@context\":\"https:\/\/schema.org\",\"@graph\":[{\"@type\":\"WebPage\",\"@id\":\"https:\/\/www.spanco.com\/es\/product\/gruas-bandera-para-estaciones-de-trabajo-montadas-en-la-pared-serie-501\/\",\"url\":\"https:\/\/www.spanco.com\/es\/product\/gruas-bandera-para-estaciones-de-trabajo-montadas-en-la-pared-serie-501\/\",\"name\":\"Gr\u00faas bandera para estaciones de trabajo montadas en la pared serie 501 - Spanco\",\"isPartOf\":{\"@id\":\"https:\/\/www.spanco.com\/#website\"},\"datePublished\":\"2021-01-25T15:26:02+00:00\",\"dateModified\":\"2021-06-09T21:31:47+00:00\",\"breadcrumb\":{\"@id\":\"https:\/\/www.spanco.com\/es\/product\/gruas-bandera-para-estaciones-de-trabajo-montadas-en-la-pared-serie-501\/#breadcrumb\"},\"inLanguage\":\"es\",\"potentialAction\":[{\"@type\":\"ReadAction\",\"target\":[\"https:\/\/www.spanco.com\/es\/product\/gruas-bandera-para-estaciones-de-trabajo-montadas-en-la-pared-serie-501\/\"]}]},{\"@type\":\"BreadcrumbList\",\"@id\":\"https:\/\/www.spanco.com\/es\/product\/gruas-bandera-para-estaciones-de-trabajo-montadas-en-la-pared-serie-501\/#breadcrumb\",\"itemListElement\":[{\"@type\":\"ListItem\",\"position\":1,\"name\":\"Home\",\"item\":\"https:\/\/www.spanco.com\/es\/casa\/\"},{\"@type\":\"ListItem\",\"position\":2,\"name\":\"Products\",\"item\":\"https:\/\/www.spanco.com\/products\/\"},{\"@type\":\"ListItem\",\"position\":3,\"name\":\"Gr\u00faas bandera para estaciones de trabajo montadas en la pared serie 501\"}]},{\"@type\":\"WebSite\",\"@id\":\"https:\/\/www.spanco.com\/#website\",\"url\":\"https:\/\/www.spanco.com\/\",\"name\":\"Spanco\",\"description\":\"Explore Our Products - Materials Handling Solutions\",\"publisher\":{\"@id\":\"https:\/\/www.spanco.com\/#organization\"},\"potentialAction\":[{\"@type\":\"SearchAction\",\"target\":{\"@type\":\"EntryPoint\",\"urlTemplate\":\"https:\/\/www.spanco.com\/?s={search_term_string}\"},\"query-input\":{\"@type\":\"PropertyValueSpecification\",\"valueRequired\":true,\"valueName\":\"search_term_string\"}}],\"inLanguage\":\"es\"},{\"@type\":\"Organization\",\"@id\":\"https:\/\/www.spanco.com\/#organization\",\"name\":\"Spanco\",\"url\":\"https:\/\/www.spanco.com\/\",\"logo\":{\"@type\":\"ImageObject\",\"inLanguage\":\"es\",\"@id\":\"https:\/\/www.spanco.com\/#\/schema\/logo\/image\/\",\"url\":\"https:\/\/www.spanco.com\/wp-content\/uploads\/2020\/07\/SPANCO-logo-tagline.svg\",\"contentUrl\":\"https:\/\/www.spanco.com\/wp-content\/uploads\/2020\/07\/SPANCO-logo-tagline.svg\",\"width\":1,\"height\":1,\"caption\":\"Spanco\"},\"image\":{\"@id\":\"https:\/\/www.spanco.com\/#\/schema\/logo\/image\/\"}}]}<\/script>\n<!-- \/ Yoast SEO plugin. -->","yoast_head_json":{"title":"Gr\u00faas bandera para estaciones de trabajo montadas en la pared serie 501 - Spanco","robots":{"index":"index","follow":"follow","max-snippet":"max-snippet:-1","max-image-preview":"max-image-preview:large","max-video-preview":"max-video-preview:-1"},"canonical":"https:\/\/www.spanco.com\/es\/product\/gruas-bandera-para-estaciones-de-trabajo-montadas-en-la-pared-serie-501\/","og_locale":"es_ES","og_type":"article","og_title":"Gr\u00faas bandera para estaciones de trabajo montadas en la pared serie 501 - Spanco","og_description":"Capacidad: Hasta 454 kg (1,000 lb) Claro: Hasta 5 m (16&#8242;) Rotaci\u00f3n: 180\u00b0 o 360\u00b0 Montaje: en la pared, el piso o con base port\u00e1til Las gr\u00faas bandera para estaciones de trabajo Spanco ofrecen una elevaci\u00f3n sencilla y ergon\u00f3mica, as\u00ed como transferencia de cargas repetitivas. Son peque\u00f1as y ligeras y m\u00e1s r\u00e1pidas que las gr\u00faas&hellip;","og_url":"https:\/\/www.spanco.com\/es\/product\/gruas-bandera-para-estaciones-de-trabajo-montadas-en-la-pared-serie-501\/","og_site_name":"Spanco","article_modified_time":"2021-06-09T21:31:47+00:00","twitter_card":"summary_large_image","twitter_misc":{"Tiempo de lectura":"1 minuto"},"schema":{"@context":"https:\/\/schema.org","@graph":[{"@type":"WebPage","@id":"https:\/\/www.spanco.com\/es\/product\/gruas-bandera-para-estaciones-de-trabajo-montadas-en-la-pared-serie-501\/","url":"https:\/\/www.spanco.com\/es\/product\/gruas-bandera-para-estaciones-de-trabajo-montadas-en-la-pared-serie-501\/","name":"Gr\u00faas bandera para estaciones de trabajo montadas en la pared serie 501 - Spanco","isPartOf":{"@id":"https:\/\/www.spanco.com\/#website"},"datePublished":"2021-01-25T15:26:02+00:00","dateModified":"2021-06-09T21:31:47+00:00","breadcrumb":{"@id":"https:\/\/www.spanco.com\/es\/product\/gruas-bandera-para-estaciones-de-trabajo-montadas-en-la-pared-serie-501\/#breadcrumb"},"inLanguage":"es","potentialAction":[{"@type":"ReadAction","target":["https:\/\/www.spanco.com\/es\/product\/gruas-bandera-para-estaciones-de-trabajo-montadas-en-la-pared-serie-501\/"]}]},{"@type":"BreadcrumbList","@id":"https:\/\/www.spanco.com\/es\/product\/gruas-bandera-para-estaciones-de-trabajo-montadas-en-la-pared-serie-501\/#breadcrumb","itemListElement":[{"@type":"ListItem","position":1,"name":"Home","item":"https:\/\/www.spanco.com\/es\/casa\/"},{"@type":"ListItem","position":2,"name":"Products","item":"https:\/\/www.spanco.com\/products\/"},{"@type":"ListItem","position":3,"name":"Gr\u00faas bandera para estaciones de trabajo montadas en la pared serie 501"}]},{"@type":"WebSite","@id":"https:\/\/www.spanco.com\/#website","url":"https:\/\/www.spanco.com\/","name":"Spanco","description":"Explore Our Products - Materials Handling Solutions","publisher":{"@id":"https:\/\/www.spanco.com\/#organization"},"potentialAction":[{"@type":"SearchAction","target":{"@type":"EntryPoint","urlTemplate":"https:\/\/www.spanco.com\/?s={search_term_string}"},"query-input":{"@type":"PropertyValueSpecification","valueRequired":true,"valueName":"search_term_string"}}],"inLanguage":"es"},{"@type":"Organization","@id":"https:\/\/www.spanco.com\/#organization","name":"Spanco","url":"https:\/\/www.spanco.com\/","logo":{"@type":"ImageObject","inLanguage":"es","@id":"https:\/\/www.spanco.com\/#\/schema\/logo\/image\/","url":"https:\/\/www.spanco.com\/wp-content\/uploads\/2020\/07\/SPANCO-logo-tagline.svg","contentUrl":"https:\/\/www.spanco.com\/wp-content\/uploads\/2020\/07\/SPANCO-logo-tagline.svg","width":1,"height":1,"caption":"Spanco"},"image":{"@id":"https:\/\/www.spanco.com\/#\/schema\/logo\/image\/"}}]}},"_links":{"self":[{"href":"https:\/\/www.spanco.com\/es\/wp-json\/wp\/v2\/product\/1802","targetHints":{"allow":["GET"]}}],"collection":[{"href":"https:\/\/www.spanco.com\/es\/wp-json\/wp\/v2\/product"}],"about":[{"href":"https:\/\/www.spanco.com\/es\/wp-json\/wp\/v2\/types\/product"}],"wp:attachment":[{"href":"https:\/\/www.spanco.com\/es\/wp-json\/wp\/v2\/media?parent=1802"}],"wp:term":[{"taxonomy":"product_category","embeddable":true,"href":"https:\/\/www.spanco.com\/es\/wp-json\/wp\/v2\/product_category?post=1802"}],"curies":[{"name":"wp","href":"https:\/\/api.w.org\/{rel}","templated":true}]}}