{"id":1804,"date":"2021-01-25T10:30:01","date_gmt":"2021-01-25T15:30:01","guid":{"rendered":"https:\/\/www.spanco.com\/product\/gruas-portico-de-aluminio\/"},"modified":"2021-06-09T17:31:48","modified_gmt":"2021-06-09T21:31:48","slug":"gruas-portico-de-aluminio","status":"publish","type":"product","link":"https:\/\/www.spanco.com\/es\/product\/gruas-portico-de-aluminio\/","title":{"rendered":"Gr\u00faas p\u00f3rtico de aluminio"},"content":{"rendered":"\n<ul class=\"wp-block-list\"><li>Capacidad: Hasta 2.700 kg<\/li><li>Adjustable Height Under I-beam: up to 12\u2019 4&#8243;<\/li><li>Claro ajustable: hasta 6 m (20&#8242;) en modelos de 454 kg (1 ton) y hasta 4,6 m (15&#8242;) en modelos de 1.800 kg (2 ton) 2.700 kg (3 ton)<\/li><\/ul>\n<p>Las gr\u00faas p\u00f3rtico de aluminio m\u00e1s livianas pesan apenas 53 kg (116 lb), son port\u00e1tiles y extremadamente estables bajo carga.<\/p>\n","protected":false},"featured_media":0,"parent":0,"template":"","product_category":[88],"class_list":["post-1804","product","type-product","status-publish","hentry","product_category-gantry-cranes-es"],"acf":[],"yoast_head":"<!-- This site is optimized with the Yoast SEO plugin v27.0 - https:\/\/yoast.com\/product\/yoast-seo-wordpress\/ -->\n<title>Gr\u00faas p\u00f3rtico de aluminio - Spanco<\/title>\n<meta name=\"robots\" content=\"index, follow, max-snippet:-1, max-image-preview:large, max-video-preview:-1\" \/>\n<link rel=\"canonical\" href=\"https:\/\/www.spanco.com\/es\/product\/gruas-portico-de-aluminio\/\" \/>\n<meta property=\"og:locale\" content=\"es_ES\" \/>\n<meta property=\"og:type\" content=\"article\" \/>\n<meta property=\"og:title\" content=\"Gr\u00faas p\u00f3rtico de aluminio - Spanco\" \/>\n<meta property=\"og:description\" content=\"Capacidad: Hasta 2.700 kg Adjustable Height Under I-beam: up to 12\u2019 4&#8243; Claro ajustable: hasta 6 m (20&#8242;) en modelos de 454 kg (1 ton) y hasta 4,6 m (15&#8242;) en modelos de 1.800 kg (2 ton) 2.700 kg (3 ton) Las gr\u00faas p\u00f3rtico de aluminio m\u00e1s livianas pesan apenas 53 kg (116 lb), son&hellip;\" \/>\n<meta property=\"og:url\" content=\"https:\/\/www.spanco.com\/es\/product\/gruas-portico-de-aluminio\/\" \/>\n<meta property=\"og:site_name\" content=\"Spanco\" \/>\n<meta property=\"article:modified_time\" content=\"2021-06-09T21:31:48+00:00\" \/>\n<meta name=\"twitter:card\" content=\"summary_large_image\" \/>\n<meta name=\"twitter:label1\" content=\"Tiempo de lectura\" \/>\n\t<meta name=\"twitter:data1\" content=\"1 minuto\" \/>\n<script type=\"application\/ld+json\" class=\"yoast-schema-graph\">{\"@context\":\"https:\/\/schema.org\",\"@graph\":[{\"@type\":\"WebPage\",\"@id\":\"https:\/\/www.spanco.com\/es\/product\/gruas-portico-de-aluminio\/\",\"url\":\"https:\/\/www.spanco.com\/es\/product\/gruas-portico-de-aluminio\/\",\"name\":\"Gr\u00faas p\u00f3rtico de aluminio - Spanco\",\"isPartOf\":{\"@id\":\"https:\/\/www.spanco.com\/#website\"},\"datePublished\":\"2021-01-25T15:30:01+00:00\",\"dateModified\":\"2021-06-09T21:31:48+00:00\",\"breadcrumb\":{\"@id\":\"https:\/\/www.spanco.com\/es\/product\/gruas-portico-de-aluminio\/#breadcrumb\"},\"inLanguage\":\"es\",\"potentialAction\":[{\"@type\":\"ReadAction\",\"target\":[\"https:\/\/www.spanco.com\/es\/product\/gruas-portico-de-aluminio\/\"]}]},{\"@type\":\"BreadcrumbList\",\"@id\":\"https:\/\/www.spanco.com\/es\/product\/gruas-portico-de-aluminio\/#breadcrumb\",\"itemListElement\":[{\"@type\":\"ListItem\",\"position\":1,\"name\":\"Home\",\"item\":\"https:\/\/www.spanco.com\/es\/casa\/\"},{\"@type\":\"ListItem\",\"position\":2,\"name\":\"Products\",\"item\":\"https:\/\/www.spanco.com\/products\/\"},{\"@type\":\"ListItem\",\"position\":3,\"name\":\"Gr\u00faas p\u00f3rtico de aluminio\"}]},{\"@type\":\"WebSite\",\"@id\":\"https:\/\/www.spanco.com\/#website\",\"url\":\"https:\/\/www.spanco.com\/\",\"name\":\"Spanco\",\"description\":\"Explore Our Products - Materials Handling Solutions\",\"publisher\":{\"@id\":\"https:\/\/www.spanco.com\/#organization\"},\"potentialAction\":[{\"@type\":\"SearchAction\",\"target\":{\"@type\":\"EntryPoint\",\"urlTemplate\":\"https:\/\/www.spanco.com\/?s={search_term_string}\"},\"query-input\":{\"@type\":\"PropertyValueSpecification\",\"valueRequired\":true,\"valueName\":\"search_term_string\"}}],\"inLanguage\":\"es\"},{\"@type\":\"Organization\",\"@id\":\"https:\/\/www.spanco.com\/#organization\",\"name\":\"Spanco\",\"url\":\"https:\/\/www.spanco.com\/\",\"logo\":{\"@type\":\"ImageObject\",\"inLanguage\":\"es\",\"@id\":\"https:\/\/www.spanco.com\/#\/schema\/logo\/image\/\",\"url\":\"https:\/\/www.spanco.com\/wp-content\/uploads\/2020\/07\/SPANCO-logo-tagline.svg\",\"contentUrl\":\"https:\/\/www.spanco.com\/wp-content\/uploads\/2020\/07\/SPANCO-logo-tagline.svg\",\"width\":1,\"height\":1,\"caption\":\"Spanco\"},\"image\":{\"@id\":\"https:\/\/www.spanco.com\/#\/schema\/logo\/image\/\"}}]}<\/script>\n<!-- \/ Yoast SEO plugin. -->","yoast_head_json":{"title":"Gr\u00faas p\u00f3rtico de aluminio - Spanco","robots":{"index":"index","follow":"follow","max-snippet":"max-snippet:-1","max-image-preview":"max-image-preview:large","max-video-preview":"max-video-preview:-1"},"canonical":"https:\/\/www.spanco.com\/es\/product\/gruas-portico-de-aluminio\/","og_locale":"es_ES","og_type":"article","og_title":"Gr\u00faas p\u00f3rtico de aluminio - Spanco","og_description":"Capacidad: Hasta 2.700 kg Adjustable Height Under I-beam: up to 12\u2019 4&#8243; Claro ajustable: hasta 6 m (20&#8242;) en modelos de 454 kg (1 ton) y hasta 4,6 m (15&#8242;) en modelos de 1.800 kg (2 ton) 2.700 kg (3 ton) Las gr\u00faas p\u00f3rtico de aluminio m\u00e1s livianas pesan apenas 53 kg (116 lb), son&hellip;","og_url":"https:\/\/www.spanco.com\/es\/product\/gruas-portico-de-aluminio\/","og_site_name":"Spanco","article_modified_time":"2021-06-09T21:31:48+00:00","twitter_card":"summary_large_image","twitter_misc":{"Tiempo de lectura":"1 minuto"},"schema":{"@context":"https:\/\/schema.org","@graph":[{"@type":"WebPage","@id":"https:\/\/www.spanco.com\/es\/product\/gruas-portico-de-aluminio\/","url":"https:\/\/www.spanco.com\/es\/product\/gruas-portico-de-aluminio\/","name":"Gr\u00faas p\u00f3rtico de aluminio - Spanco","isPartOf":{"@id":"https:\/\/www.spanco.com\/#website"},"datePublished":"2021-01-25T15:30:01+00:00","dateModified":"2021-06-09T21:31:48+00:00","breadcrumb":{"@id":"https:\/\/www.spanco.com\/es\/product\/gruas-portico-de-aluminio\/#breadcrumb"},"inLanguage":"es","potentialAction":[{"@type":"ReadAction","target":["https:\/\/www.spanco.com\/es\/product\/gruas-portico-de-aluminio\/"]}]},{"@type":"BreadcrumbList","@id":"https:\/\/www.spanco.com\/es\/product\/gruas-portico-de-aluminio\/#breadcrumb","itemListElement":[{"@type":"ListItem","position":1,"name":"Home","item":"https:\/\/www.spanco.com\/es\/casa\/"},{"@type":"ListItem","position":2,"name":"Products","item":"https:\/\/www.spanco.com\/products\/"},{"@type":"ListItem","position":3,"name":"Gr\u00faas p\u00f3rtico de aluminio"}]},{"@type":"WebSite","@id":"https:\/\/www.spanco.com\/#website","url":"https:\/\/www.spanco.com\/","name":"Spanco","description":"Explore Our Products - Materials Handling Solutions","publisher":{"@id":"https:\/\/www.spanco.com\/#organization"},"potentialAction":[{"@type":"SearchAction","target":{"@type":"EntryPoint","urlTemplate":"https:\/\/www.spanco.com\/?s={search_term_string}"},"query-input":{"@type":"PropertyValueSpecification","valueRequired":true,"valueName":"search_term_string"}}],"inLanguage":"es"},{"@type":"Organization","@id":"https:\/\/www.spanco.com\/#organization","name":"Spanco","url":"https:\/\/www.spanco.com\/","logo":{"@type":"ImageObject","inLanguage":"es","@id":"https:\/\/www.spanco.com\/#\/schema\/logo\/image\/","url":"https:\/\/www.spanco.com\/wp-content\/uploads\/2020\/07\/SPANCO-logo-tagline.svg","contentUrl":"https:\/\/www.spanco.com\/wp-content\/uploads\/2020\/07\/SPANCO-logo-tagline.svg","width":1,"height":1,"caption":"Spanco"},"image":{"@id":"https:\/\/www.spanco.com\/#\/schema\/logo\/image\/"}}]}},"_links":{"self":[{"href":"https:\/\/www.spanco.com\/es\/wp-json\/wp\/v2\/product\/1804","targetHints":{"allow":["GET"]}}],"collection":[{"href":"https:\/\/www.spanco.com\/es\/wp-json\/wp\/v2\/product"}],"about":[{"href":"https:\/\/www.spanco.com\/es\/wp-json\/wp\/v2\/types\/product"}],"wp:attachment":[{"href":"https:\/\/www.spanco.com\/es\/wp-json\/wp\/v2\/media?parent=1804"}],"wp:term":[{"taxonomy":"product_category","embeddable":true,"href":"https:\/\/www.spanco.com\/es\/wp-json\/wp\/v2\/product_category?post=1804"}],"curies":[{"name":"wp","href":"https:\/\/api.w.org\/{rel}","templated":true}]}}