{"id":1805,"date":"2021-01-25T10:32:14","date_gmt":"2021-01-25T15:32:14","guid":{"rendered":"https:\/\/www.spanco.com\/product\/gruas-puente-para-estaciones-de-trabajo-y-trabes-carril-alu-track\/"},"modified":"2024-02-20T10:21:44","modified_gmt":"2024-02-20T15:21:44","slug":"gruas-puente-para-estaciones-de-trabajo-y-trabes-carril-alu-track","status":"publish","type":"product","link":"https:\/\/www.spanco.com\/es\/product\/gruas-puente-para-estaciones-de-trabajo-y-trabes-carril-alu-track\/","title":{"rendered":"GR\u00daAS PUENTE PARA ESTACIONES DE TRABAJO Y TRABES CARRIL ALU-TRACK\u00ae"},"content":{"rendered":"\n<ul class=\"wp-block-list\">\n<li>Aplicaciones: gr\u00faas puente para estaciones de trabajo y gr\u00faas monorriel<\/li>\n\n\n\n<li>Material: Aleaci\u00f3n de aluminio 6061-T6 extruido altamente resistente<\/li>\n\n\n\n<li>Capacidad: 113,4 kg a 1.400 kg (250 a 3000 lb)<\/li>\n\n\n\n<li>Largos de claro del puente: hasta 9 m (30 pies) dependiendo de la capacidad deseada<\/li>\n<\/ul>\n\n\n\n<p>Las gr\u00faas puente para estaciones de trabajo y trabes carril Alu-Track<strong><sup>\u00ae<\/sup><\/strong>&nbsp;de Spanco est\u00e1n hechas de nuestras pistas cerradas de aluminio, con lo cual son ligeras y duraderas, no requieren mantenimiento y no se corroen.\n\n&nbsp;<\/p>\n\n\n\n<p>Las pistas cerradas de aluminio Alu-Track reducen el peso total del sistema, para poder mover el puente m\u00e1s f\u00e1cilmente. Adem\u00e1s, para las\u00a0<a href=\"https:\/\/www.spanco.com\/es\/product_category\/workstation-bridge-cranes-es\/tation-bridge-cranes\/\" target=\"_blank\" rel=\"noreferrer noopener\">gr\u00faas puente para estaciones de trabajo suspendidas del techo<\/a>, los sistemas Alu-Track significan menos peso sobre la estructura de soporte de su edificio. \u00a0<\/p>\n\n\n\n<p><strong>Adecuadas para:<\/strong>\n\n&nbsp;<\/p>\n\n\n\n<ul class=\"wp-block-list\">\n<li>Ambientes cargados de humedad<\/li>\n\n\n\n<li>Ambientes \u00e1cidos (mas no para ambientes base o alcalinos).<\/li>\n\n\n\n<li>Laboratorios de investigaci\u00f3n y desarrollo<\/li>\n\n\n\n<li>Dondequiera que se requiera pista cerrada ligera y duradera<\/li>\n<\/ul>\n","protected":false},"featured_media":0,"parent":0,"template":"","product_category":[89],"class_list":["post-1805","product","type-product","status-publish","hentry","product_category-workstation-bridge-cranes-es"],"acf":[],"yoast_head":"<!-- This site is optimized with the Yoast SEO plugin v27.0 - https:\/\/yoast.com\/product\/yoast-seo-wordpress\/ -->\n<title>GR\u00daAS PUENTE PARA ESTACIONES DE TRABAJO Y TRABES CARRIL ALU-TRACK\u00ae - Spanco<\/title>\n<meta name=\"robots\" content=\"index, follow, max-snippet:-1, max-image-preview:large, max-video-preview:-1\" \/>\n<link rel=\"canonical\" href=\"https:\/\/www.spanco.com\/es\/product\/gruas-puente-para-estaciones-de-trabajo-y-trabes-carril-alu-track\/\" \/>\n<meta property=\"og:locale\" content=\"es_ES\" \/>\n<meta property=\"og:type\" content=\"article\" \/>\n<meta property=\"og:title\" content=\"GR\u00daAS PUENTE PARA ESTACIONES DE TRABAJO Y TRABES CARRIL ALU-TRACK\u00ae - Spanco\" \/>\n<meta property=\"og:description\" content=\"Las gr\u00faas puente para estaciones de trabajo y trabes carril Alu-Track\u00ae&nbsp;de Spanco est\u00e1n hechas de nuestras pistas cerradas de aluminio, con lo cual son ligeras y duraderas, no requieren mantenimiento y no se corroen. &nbsp; Las pistas cerradas de aluminio Alu-Track reducen el peso total del sistema, para poder mover el puente m\u00e1s f\u00e1cilmente. Adem\u00e1s,&hellip;\" \/>\n<meta property=\"og:url\" content=\"https:\/\/www.spanco.com\/es\/product\/gruas-puente-para-estaciones-de-trabajo-y-trabes-carril-alu-track\/\" \/>\n<meta property=\"og:site_name\" content=\"Spanco\" \/>\n<meta property=\"article:modified_time\" content=\"2024-02-20T15:21:44+00:00\" \/>\n<meta name=\"twitter:card\" content=\"summary_large_image\" \/>\n<meta name=\"twitter:label1\" content=\"Tiempo de lectura\" \/>\n\t<meta name=\"twitter:data1\" content=\"1 minuto\" \/>\n<script type=\"application\/ld+json\" class=\"yoast-schema-graph\">{\"@context\":\"https:\/\/schema.org\",\"@graph\":[{\"@type\":\"WebPage\",\"@id\":\"https:\/\/www.spanco.com\/es\/product\/gruas-puente-para-estaciones-de-trabajo-y-trabes-carril-alu-track\/\",\"url\":\"https:\/\/www.spanco.com\/es\/product\/gruas-puente-para-estaciones-de-trabajo-y-trabes-carril-alu-track\/\",\"name\":\"GR\u00daAS PUENTE PARA ESTACIONES DE TRABAJO Y TRABES CARRIL ALU-TRACK\u00ae - Spanco\",\"isPartOf\":{\"@id\":\"https:\/\/www.spanco.com\/#website\"},\"datePublished\":\"2021-01-25T15:32:14+00:00\",\"dateModified\":\"2024-02-20T15:21:44+00:00\",\"breadcrumb\":{\"@id\":\"https:\/\/www.spanco.com\/es\/product\/gruas-puente-para-estaciones-de-trabajo-y-trabes-carril-alu-track\/#breadcrumb\"},\"inLanguage\":\"es\",\"potentialAction\":[{\"@type\":\"ReadAction\",\"target\":[\"https:\/\/www.spanco.com\/es\/product\/gruas-puente-para-estaciones-de-trabajo-y-trabes-carril-alu-track\/\"]}]},{\"@type\":\"BreadcrumbList\",\"@id\":\"https:\/\/www.spanco.com\/es\/product\/gruas-puente-para-estaciones-de-trabajo-y-trabes-carril-alu-track\/#breadcrumb\",\"itemListElement\":[{\"@type\":\"ListItem\",\"position\":1,\"name\":\"Home\",\"item\":\"https:\/\/www.spanco.com\/es\/casa\/\"},{\"@type\":\"ListItem\",\"position\":2,\"name\":\"Products\",\"item\":\"https:\/\/www.spanco.com\/products\/\"},{\"@type\":\"ListItem\",\"position\":3,\"name\":\"GR\u00daAS PUENTE PARA ESTACIONES DE TRABAJO Y TRABES CARRIL ALU-TRACK\u00ae\"}]},{\"@type\":\"WebSite\",\"@id\":\"https:\/\/www.spanco.com\/#website\",\"url\":\"https:\/\/www.spanco.com\/\",\"name\":\"Spanco\",\"description\":\"Explore Our Products - Materials Handling Solutions\",\"publisher\":{\"@id\":\"https:\/\/www.spanco.com\/#organization\"},\"potentialAction\":[{\"@type\":\"SearchAction\",\"target\":{\"@type\":\"EntryPoint\",\"urlTemplate\":\"https:\/\/www.spanco.com\/?s={search_term_string}\"},\"query-input\":{\"@type\":\"PropertyValueSpecification\",\"valueRequired\":true,\"valueName\":\"search_term_string\"}}],\"inLanguage\":\"es\"},{\"@type\":\"Organization\",\"@id\":\"https:\/\/www.spanco.com\/#organization\",\"name\":\"Spanco\",\"url\":\"https:\/\/www.spanco.com\/\",\"logo\":{\"@type\":\"ImageObject\",\"inLanguage\":\"es\",\"@id\":\"https:\/\/www.spanco.com\/#\/schema\/logo\/image\/\",\"url\":\"https:\/\/www.spanco.com\/wp-content\/uploads\/2020\/07\/SPANCO-logo-tagline.svg\",\"contentUrl\":\"https:\/\/www.spanco.com\/wp-content\/uploads\/2020\/07\/SPANCO-logo-tagline.svg\",\"width\":1,\"height\":1,\"caption\":\"Spanco\"},\"image\":{\"@id\":\"https:\/\/www.spanco.com\/#\/schema\/logo\/image\/\"}}]}<\/script>\n<!-- \/ Yoast SEO plugin. -->","yoast_head_json":{"title":"GR\u00daAS PUENTE PARA ESTACIONES DE TRABAJO Y TRABES CARRIL ALU-TRACK\u00ae - Spanco","robots":{"index":"index","follow":"follow","max-snippet":"max-snippet:-1","max-image-preview":"max-image-preview:large","max-video-preview":"max-video-preview:-1"},"canonical":"https:\/\/www.spanco.com\/es\/product\/gruas-puente-para-estaciones-de-trabajo-y-trabes-carril-alu-track\/","og_locale":"es_ES","og_type":"article","og_title":"GR\u00daAS PUENTE PARA ESTACIONES DE TRABAJO Y TRABES CARRIL ALU-TRACK\u00ae - Spanco","og_description":"Las gr\u00faas puente para estaciones de trabajo y trabes carril Alu-Track\u00ae&nbsp;de Spanco est\u00e1n hechas de nuestras pistas cerradas de aluminio, con lo cual son ligeras y duraderas, no requieren mantenimiento y no se corroen. &nbsp; Las pistas cerradas de aluminio Alu-Track reducen el peso total del sistema, para poder mover el puente m\u00e1s f\u00e1cilmente. Adem\u00e1s,&hellip;","og_url":"https:\/\/www.spanco.com\/es\/product\/gruas-puente-para-estaciones-de-trabajo-y-trabes-carril-alu-track\/","og_site_name":"Spanco","article_modified_time":"2024-02-20T15:21:44+00:00","twitter_card":"summary_large_image","twitter_misc":{"Tiempo de lectura":"1 minuto"},"schema":{"@context":"https:\/\/schema.org","@graph":[{"@type":"WebPage","@id":"https:\/\/www.spanco.com\/es\/product\/gruas-puente-para-estaciones-de-trabajo-y-trabes-carril-alu-track\/","url":"https:\/\/www.spanco.com\/es\/product\/gruas-puente-para-estaciones-de-trabajo-y-trabes-carril-alu-track\/","name":"GR\u00daAS PUENTE PARA ESTACIONES DE TRABAJO Y TRABES CARRIL ALU-TRACK\u00ae - Spanco","isPartOf":{"@id":"https:\/\/www.spanco.com\/#website"},"datePublished":"2021-01-25T15:32:14+00:00","dateModified":"2024-02-20T15:21:44+00:00","breadcrumb":{"@id":"https:\/\/www.spanco.com\/es\/product\/gruas-puente-para-estaciones-de-trabajo-y-trabes-carril-alu-track\/#breadcrumb"},"inLanguage":"es","potentialAction":[{"@type":"ReadAction","target":["https:\/\/www.spanco.com\/es\/product\/gruas-puente-para-estaciones-de-trabajo-y-trabes-carril-alu-track\/"]}]},{"@type":"BreadcrumbList","@id":"https:\/\/www.spanco.com\/es\/product\/gruas-puente-para-estaciones-de-trabajo-y-trabes-carril-alu-track\/#breadcrumb","itemListElement":[{"@type":"ListItem","position":1,"name":"Home","item":"https:\/\/www.spanco.com\/es\/casa\/"},{"@type":"ListItem","position":2,"name":"Products","item":"https:\/\/www.spanco.com\/products\/"},{"@type":"ListItem","position":3,"name":"GR\u00daAS PUENTE PARA ESTACIONES DE TRABAJO Y TRABES CARRIL ALU-TRACK\u00ae"}]},{"@type":"WebSite","@id":"https:\/\/www.spanco.com\/#website","url":"https:\/\/www.spanco.com\/","name":"Spanco","description":"Explore Our Products - Materials Handling Solutions","publisher":{"@id":"https:\/\/www.spanco.com\/#organization"},"potentialAction":[{"@type":"SearchAction","target":{"@type":"EntryPoint","urlTemplate":"https:\/\/www.spanco.com\/?s={search_term_string}"},"query-input":{"@type":"PropertyValueSpecification","valueRequired":true,"valueName":"search_term_string"}}],"inLanguage":"es"},{"@type":"Organization","@id":"https:\/\/www.spanco.com\/#organization","name":"Spanco","url":"https:\/\/www.spanco.com\/","logo":{"@type":"ImageObject","inLanguage":"es","@id":"https:\/\/www.spanco.com\/#\/schema\/logo\/image\/","url":"https:\/\/www.spanco.com\/wp-content\/uploads\/2020\/07\/SPANCO-logo-tagline.svg","contentUrl":"https:\/\/www.spanco.com\/wp-content\/uploads\/2020\/07\/SPANCO-logo-tagline.svg","width":1,"height":1,"caption":"Spanco"},"image":{"@id":"https:\/\/www.spanco.com\/#\/schema\/logo\/image\/"}}]}},"_links":{"self":[{"href":"https:\/\/www.spanco.com\/es\/wp-json\/wp\/v2\/product\/1805","targetHints":{"allow":["GET"]}}],"collection":[{"href":"https:\/\/www.spanco.com\/es\/wp-json\/wp\/v2\/product"}],"about":[{"href":"https:\/\/www.spanco.com\/es\/wp-json\/wp\/v2\/types\/product"}],"wp:attachment":[{"href":"https:\/\/www.spanco.com\/es\/wp-json\/wp\/v2\/media?parent=1805"}],"wp:term":[{"taxonomy":"product_category","embeddable":true,"href":"https:\/\/www.spanco.com\/es\/wp-json\/wp\/v2\/product_category?post=1805"}],"curies":[{"name":"wp","href":"https:\/\/api.w.org\/{rel}","templated":true}]}}