{"id":1806,"date":"2021-01-25T10:33:23","date_gmt":"2021-01-25T15:33:23","guid":{"rendered":"https:\/\/www.spanco.com\/product\/gruas-puente-para-estaciones-de-trabajo-suspendidas-del-techo\/"},"modified":"2021-09-02T07:49:20","modified_gmt":"2021-09-02T11:49:20","slug":"gruas-puente-para-estaciones-de-trabajo-suspendidas-del-techo","status":"publish","type":"product","link":"https:\/\/www.spanco.com\/es\/product\/gruas-puente-para-estaciones-de-trabajo-suspendidas-del-techo\/","title":{"rendered":"Gr\u00faas puente para estaciones de trabajo suspendidas del techo"},"content":{"rendered":"\n<ul class=\"wp-block-list\"><li>Capacidad: 113 kg (250 lb) a 1.800 kg (2 t cortas)(1,8 tm) (4000 lb)<\/li><li>Longitud del puente, total: Hasta 12 m (40&#8242;)<\/li><li>Claro de la trabe: Hasta 12 m (40&#8242;)<\/li><li>Altura piso-c\u00e1ncamo del carro: determinada por la estructura del techo<\/li><\/ul>\n\n\n\n<p>Ceiling-mounted bridge cranes are great for applications with limited floorspace, facilities with large mobile equipment, and facility layouts that might change in the future. Ceiling-mounted systems also allow you to readily expand runway lengths and the number of bridges, and add links to monorail crane systems.<\/p>\n\n\n\n<p>In addition to our custom engineered systems, we make pre-engineered systems that include everything but the hoist and sway bracing. All Spanco systems meet or exceed <a>ANSI\/ASME B30.11 standards<\/a> for underhung cranes and monorails.<\/p>\n","protected":false},"featured_media":0,"parent":0,"template":"","product_category":[89],"class_list":["post-1806","product","type-product","status-publish","hentry","product_category-workstation-bridge-cranes-es"],"acf":[],"yoast_head":"<!-- This site is optimized with the Yoast SEO plugin v27.0 - https:\/\/yoast.com\/product\/yoast-seo-wordpress\/ -->\n<title>Gr\u00faas puente para estaciones de trabajo suspendidas del techo - Spanco<\/title>\n<meta name=\"description\" content=\"Nuestras gr\u00faas puente montadas en el techo son perfectas para instalaciones con espacio de piso limitado o equipos m\u00f3viles grandes. \u00a1Contacta para saber m\u00e1s!\" \/>\n<meta name=\"robots\" content=\"index, follow, max-snippet:-1, max-image-preview:large, max-video-preview:-1\" \/>\n<link rel=\"canonical\" href=\"https:\/\/www.spanco.com\/es\/product\/gruas-puente-para-estaciones-de-trabajo-suspendidas-del-techo\/\" \/>\n<meta property=\"og:locale\" content=\"es_ES\" \/>\n<meta property=\"og:type\" content=\"article\" \/>\n<meta property=\"og:title\" content=\"Gr\u00faas puente para estaciones de trabajo suspendidas del techo - Spanco\" \/>\n<meta property=\"og:description\" content=\"Nuestras gr\u00faas puente montadas en el techo son perfectas para instalaciones con espacio de piso limitado o equipos m\u00f3viles grandes. \u00a1Contacta para saber m\u00e1s!\" \/>\n<meta property=\"og:url\" content=\"https:\/\/www.spanco.com\/es\/product\/gruas-puente-para-estaciones-de-trabajo-suspendidas-del-techo\/\" \/>\n<meta property=\"og:site_name\" content=\"Spanco\" \/>\n<meta property=\"article:modified_time\" content=\"2021-09-02T11:49:20+00:00\" \/>\n<meta name=\"twitter:card\" content=\"summary_large_image\" \/>\n<meta name=\"twitter:label1\" content=\"Tiempo de lectura\" \/>\n\t<meta name=\"twitter:data1\" content=\"1 minuto\" \/>\n<script type=\"application\/ld+json\" class=\"yoast-schema-graph\">{\"@context\":\"https:\/\/schema.org\",\"@graph\":[{\"@type\":\"WebPage\",\"@id\":\"https:\/\/www.spanco.com\/es\/product\/gruas-puente-para-estaciones-de-trabajo-suspendidas-del-techo\/\",\"url\":\"https:\/\/www.spanco.com\/es\/product\/gruas-puente-para-estaciones-de-trabajo-suspendidas-del-techo\/\",\"name\":\"Gr\u00faas puente para estaciones de trabajo suspendidas del techo - Spanco\",\"isPartOf\":{\"@id\":\"https:\/\/www.spanco.com\/#website\"},\"datePublished\":\"2021-01-25T15:33:23+00:00\",\"dateModified\":\"2021-09-02T11:49:20+00:00\",\"description\":\"Nuestras gr\u00faas puente montadas en el techo son perfectas para instalaciones con espacio de piso limitado o equipos m\u00f3viles grandes. \u00a1Contacta para saber m\u00e1s!\",\"breadcrumb\":{\"@id\":\"https:\/\/www.spanco.com\/es\/product\/gruas-puente-para-estaciones-de-trabajo-suspendidas-del-techo\/#breadcrumb\"},\"inLanguage\":\"es\",\"potentialAction\":[{\"@type\":\"ReadAction\",\"target\":[\"https:\/\/www.spanco.com\/es\/product\/gruas-puente-para-estaciones-de-trabajo-suspendidas-del-techo\/\"]}]},{\"@type\":\"BreadcrumbList\",\"@id\":\"https:\/\/www.spanco.com\/es\/product\/gruas-puente-para-estaciones-de-trabajo-suspendidas-del-techo\/#breadcrumb\",\"itemListElement\":[{\"@type\":\"ListItem\",\"position\":1,\"name\":\"Home\",\"item\":\"https:\/\/www.spanco.com\/es\/casa\/\"},{\"@type\":\"ListItem\",\"position\":2,\"name\":\"Products\",\"item\":\"https:\/\/www.spanco.com\/products\/\"},{\"@type\":\"ListItem\",\"position\":3,\"name\":\"Gr\u00faas puente para estaciones de trabajo suspendidas del techo\"}]},{\"@type\":\"WebSite\",\"@id\":\"https:\/\/www.spanco.com\/#website\",\"url\":\"https:\/\/www.spanco.com\/\",\"name\":\"Spanco\",\"description\":\"Explore Our Products - Materials Handling Solutions\",\"publisher\":{\"@id\":\"https:\/\/www.spanco.com\/#organization\"},\"potentialAction\":[{\"@type\":\"SearchAction\",\"target\":{\"@type\":\"EntryPoint\",\"urlTemplate\":\"https:\/\/www.spanco.com\/?s={search_term_string}\"},\"query-input\":{\"@type\":\"PropertyValueSpecification\",\"valueRequired\":true,\"valueName\":\"search_term_string\"}}],\"inLanguage\":\"es\"},{\"@type\":\"Organization\",\"@id\":\"https:\/\/www.spanco.com\/#organization\",\"name\":\"Spanco\",\"url\":\"https:\/\/www.spanco.com\/\",\"logo\":{\"@type\":\"ImageObject\",\"inLanguage\":\"es\",\"@id\":\"https:\/\/www.spanco.com\/#\/schema\/logo\/image\/\",\"url\":\"https:\/\/www.spanco.com\/wp-content\/uploads\/2020\/07\/SPANCO-logo-tagline.svg\",\"contentUrl\":\"https:\/\/www.spanco.com\/wp-content\/uploads\/2020\/07\/SPANCO-logo-tagline.svg\",\"width\":1,\"height\":1,\"caption\":\"Spanco\"},\"image\":{\"@id\":\"https:\/\/www.spanco.com\/#\/schema\/logo\/image\/\"}}]}<\/script>\n<!-- \/ Yoast SEO plugin. -->","yoast_head_json":{"title":"Gr\u00faas puente para estaciones de trabajo suspendidas del techo - Spanco","description":"Nuestras gr\u00faas puente montadas en el techo son perfectas para instalaciones con espacio de piso limitado o equipos m\u00f3viles grandes. \u00a1Contacta para saber m\u00e1s!","robots":{"index":"index","follow":"follow","max-snippet":"max-snippet:-1","max-image-preview":"max-image-preview:large","max-video-preview":"max-video-preview:-1"},"canonical":"https:\/\/www.spanco.com\/es\/product\/gruas-puente-para-estaciones-de-trabajo-suspendidas-del-techo\/","og_locale":"es_ES","og_type":"article","og_title":"Gr\u00faas puente para estaciones de trabajo suspendidas del techo - Spanco","og_description":"Nuestras gr\u00faas puente montadas en el techo son perfectas para instalaciones con espacio de piso limitado o equipos m\u00f3viles grandes. \u00a1Contacta para saber m\u00e1s!","og_url":"https:\/\/www.spanco.com\/es\/product\/gruas-puente-para-estaciones-de-trabajo-suspendidas-del-techo\/","og_site_name":"Spanco","article_modified_time":"2021-09-02T11:49:20+00:00","twitter_card":"summary_large_image","twitter_misc":{"Tiempo de lectura":"1 minuto"},"schema":{"@context":"https:\/\/schema.org","@graph":[{"@type":"WebPage","@id":"https:\/\/www.spanco.com\/es\/product\/gruas-puente-para-estaciones-de-trabajo-suspendidas-del-techo\/","url":"https:\/\/www.spanco.com\/es\/product\/gruas-puente-para-estaciones-de-trabajo-suspendidas-del-techo\/","name":"Gr\u00faas puente para estaciones de trabajo suspendidas del techo - Spanco","isPartOf":{"@id":"https:\/\/www.spanco.com\/#website"},"datePublished":"2021-01-25T15:33:23+00:00","dateModified":"2021-09-02T11:49:20+00:00","description":"Nuestras gr\u00faas puente montadas en el techo son perfectas para instalaciones con espacio de piso limitado o equipos m\u00f3viles grandes. \u00a1Contacta para saber m\u00e1s!","breadcrumb":{"@id":"https:\/\/www.spanco.com\/es\/product\/gruas-puente-para-estaciones-de-trabajo-suspendidas-del-techo\/#breadcrumb"},"inLanguage":"es","potentialAction":[{"@type":"ReadAction","target":["https:\/\/www.spanco.com\/es\/product\/gruas-puente-para-estaciones-de-trabajo-suspendidas-del-techo\/"]}]},{"@type":"BreadcrumbList","@id":"https:\/\/www.spanco.com\/es\/product\/gruas-puente-para-estaciones-de-trabajo-suspendidas-del-techo\/#breadcrumb","itemListElement":[{"@type":"ListItem","position":1,"name":"Home","item":"https:\/\/www.spanco.com\/es\/casa\/"},{"@type":"ListItem","position":2,"name":"Products","item":"https:\/\/www.spanco.com\/products\/"},{"@type":"ListItem","position":3,"name":"Gr\u00faas puente para estaciones de trabajo suspendidas del techo"}]},{"@type":"WebSite","@id":"https:\/\/www.spanco.com\/#website","url":"https:\/\/www.spanco.com\/","name":"Spanco","description":"Explore Our Products - Materials Handling Solutions","publisher":{"@id":"https:\/\/www.spanco.com\/#organization"},"potentialAction":[{"@type":"SearchAction","target":{"@type":"EntryPoint","urlTemplate":"https:\/\/www.spanco.com\/?s={search_term_string}"},"query-input":{"@type":"PropertyValueSpecification","valueRequired":true,"valueName":"search_term_string"}}],"inLanguage":"es"},{"@type":"Organization","@id":"https:\/\/www.spanco.com\/#organization","name":"Spanco","url":"https:\/\/www.spanco.com\/","logo":{"@type":"ImageObject","inLanguage":"es","@id":"https:\/\/www.spanco.com\/#\/schema\/logo\/image\/","url":"https:\/\/www.spanco.com\/wp-content\/uploads\/2020\/07\/SPANCO-logo-tagline.svg","contentUrl":"https:\/\/www.spanco.com\/wp-content\/uploads\/2020\/07\/SPANCO-logo-tagline.svg","width":1,"height":1,"caption":"Spanco"},"image":{"@id":"https:\/\/www.spanco.com\/#\/schema\/logo\/image\/"}}]}},"_links":{"self":[{"href":"https:\/\/www.spanco.com\/es\/wp-json\/wp\/v2\/product\/1806","targetHints":{"allow":["GET"]}}],"collection":[{"href":"https:\/\/www.spanco.com\/es\/wp-json\/wp\/v2\/product"}],"about":[{"href":"https:\/\/www.spanco.com\/es\/wp-json\/wp\/v2\/types\/product"}],"wp:attachment":[{"href":"https:\/\/www.spanco.com\/es\/wp-json\/wp\/v2\/media?parent=1806"}],"wp:term":[{"taxonomy":"product_category","embeddable":true,"href":"https:\/\/www.spanco.com\/es\/wp-json\/wp\/v2\/product_category?post=1806"}],"curies":[{"name":"wp","href":"https:\/\/api.w.org\/{rel}","templated":true}]}}