{"id":1811,"date":"2021-01-25T10:54:13","date_gmt":"2021-01-25T15:54:13","guid":{"rendered":"https:\/\/www.spanco.com\/product\/motores-de-modernizacion-para-gruas-bandera\/"},"modified":"2024-02-20T09:44:59","modified_gmt":"2024-02-20T14:44:59","slug":"motores-de-modernizacion-para-gruas-bandera","status":"publish","type":"product","link":"https:\/\/www.spanco.com\/es\/product\/motores-de-modernizacion-para-gruas-bandera\/","title":{"rendered":"MOTORES DE MODERNIZACI\u00d3N PARA GR\u00daAS BANDERA"},"content":{"rendered":"\n<p>Los motores de modernizaci\u00f3n para gr\u00faas bandera Spanco convierten su\u00a0<a href=\"https:\/\/www.spanco.com\/es\/product_category\/jib-cranes-es\/\" target=\"_blank\" rel=\"noreferrer noopener\">gr\u00faa bandera<\/a>\u00a0de rotaci\u00f3n manual existente en una de rotaci\u00f3n motorizada por una fracci\u00f3n del costo de una gr\u00faa motorizada nueva.<\/p>\n\n\n\n<p>Estos equipos de conversi\u00f3n para gr\u00faas bandera son ideales para motorizar la rotaci\u00f3n de cargas m\u00e1s pesadas o cuando la situaci\u00f3n de su \u00e1rea de producci\u00f3n hace que la rotaci\u00f3n manual del brazo sea insegura, poco pr\u00e1ctica o improductiva.<\/p>\n\n\n\n<figure class=\"wp-block-table\"><table><tbody><tr><td><strong>Modelo<\/strong><\/td><td><strong>Capacidad<\/strong><\/td><td><strong>Claro de la gr\u00faa bandera<\/strong><\/td><td><strong>Velocidad nominal<\/strong><\/td><\/tr><tr><td>RDU-2<\/td><td>1.800 kg<\/td><td>6 m (20\u2032)<\/td><td>1\/2 RPM<\/td><\/tr><tr><td>RDU-3<\/td><td>2.700 kg (3 t)<\/td><td>6 m (20\u2032)<\/td><td>1\/2 RPM<\/td><\/tr><tr><td>RDU-5<\/td><td>4.500 kg (5 t)<\/td><td>6 m (20\u2032)<\/td><td>1\/2 RPM<\/td><\/tr><\/tbody><\/table><\/figure>\n","protected":false},"featured_media":0,"parent":0,"template":"","product_category":[87,92],"class_list":["post-1811","product","type-product","status-publish","hentry","product_category-jib-cranes-es","product_category-components-es"],"acf":[],"yoast_head":"<!-- This site is optimized with the Yoast SEO plugin v27.0 - https:\/\/yoast.com\/product\/yoast-seo-wordpress\/ -->\n<title>MOTORES DE MODERNIZACI\u00d3N PARA GR\u00daAS BANDERA - Spanco<\/title>\n<meta name=\"description\" content=\"Estos equipos de conversi\u00f3n para gr\u00faas bandera son ideales para motorizar la rotaci\u00f3n de cargas m\u00e1s pesadas o cuando la situaci\u00f3n de su \u00e1rea de producci\u00f3n hace que la rotaci\u00f3n manual del brazo sea insegura, poco pr\u00e1ctica o improductiva.\" \/>\n<meta name=\"robots\" content=\"index, follow, max-snippet:-1, max-image-preview:large, max-video-preview:-1\" \/>\n<link rel=\"canonical\" href=\"https:\/\/www.spanco.com\/es\/product\/motores-de-modernizacion-para-gruas-bandera\/\" \/>\n<meta property=\"og:locale\" content=\"es_ES\" \/>\n<meta property=\"og:type\" content=\"article\" \/>\n<meta property=\"og:title\" content=\"MOTORES DE MODERNIZACI\u00d3N PARA GR\u00daAS BANDERA - Spanco\" \/>\n<meta property=\"og:description\" content=\"Estos equipos de conversi\u00f3n para gr\u00faas bandera son ideales para motorizar la rotaci\u00f3n de cargas m\u00e1s pesadas o cuando la situaci\u00f3n de su \u00e1rea de producci\u00f3n hace que la rotaci\u00f3n manual del brazo sea insegura, poco pr\u00e1ctica o improductiva.\" \/>\n<meta property=\"og:url\" content=\"https:\/\/www.spanco.com\/es\/product\/motores-de-modernizacion-para-gruas-bandera\/\" \/>\n<meta property=\"og:site_name\" content=\"Spanco\" \/>\n<meta property=\"article:modified_time\" content=\"2024-02-20T14:44:59+00:00\" \/>\n<meta name=\"twitter:card\" content=\"summary_large_image\" \/>\n<meta name=\"twitter:label1\" content=\"Tiempo de lectura\" \/>\n\t<meta name=\"twitter:data1\" content=\"1 minuto\" \/>\n<script type=\"application\/ld+json\" class=\"yoast-schema-graph\">{\"@context\":\"https:\/\/schema.org\",\"@graph\":[{\"@type\":\"WebPage\",\"@id\":\"https:\/\/www.spanco.com\/es\/product\/motores-de-modernizacion-para-gruas-bandera\/\",\"url\":\"https:\/\/www.spanco.com\/es\/product\/motores-de-modernizacion-para-gruas-bandera\/\",\"name\":\"MOTORES DE MODERNIZACI\u00d3N PARA GR\u00daAS BANDERA - Spanco\",\"isPartOf\":{\"@id\":\"https:\/\/www.spanco.com\/#website\"},\"datePublished\":\"2021-01-25T15:54:13+00:00\",\"dateModified\":\"2024-02-20T14:44:59+00:00\",\"description\":\"Estos equipos de conversi\u00f3n para gr\u00faas bandera son ideales para motorizar la rotaci\u00f3n de cargas m\u00e1s pesadas o cuando la situaci\u00f3n de su \u00e1rea de producci\u00f3n hace que la rotaci\u00f3n manual del brazo sea insegura, poco pr\u00e1ctica o improductiva.\",\"breadcrumb\":{\"@id\":\"https:\/\/www.spanco.com\/es\/product\/motores-de-modernizacion-para-gruas-bandera\/#breadcrumb\"},\"inLanguage\":\"es\",\"potentialAction\":[{\"@type\":\"ReadAction\",\"target\":[\"https:\/\/www.spanco.com\/es\/product\/motores-de-modernizacion-para-gruas-bandera\/\"]}]},{\"@type\":\"BreadcrumbList\",\"@id\":\"https:\/\/www.spanco.com\/es\/product\/motores-de-modernizacion-para-gruas-bandera\/#breadcrumb\",\"itemListElement\":[{\"@type\":\"ListItem\",\"position\":1,\"name\":\"Home\",\"item\":\"https:\/\/www.spanco.com\/es\/casa\/\"},{\"@type\":\"ListItem\",\"position\":2,\"name\":\"Products\",\"item\":\"https:\/\/www.spanco.com\/products\/\"},{\"@type\":\"ListItem\",\"position\":3,\"name\":\"MOTORES DE MODERNIZACI\u00d3N PARA GR\u00daAS BANDERA\"}]},{\"@type\":\"WebSite\",\"@id\":\"https:\/\/www.spanco.com\/#website\",\"url\":\"https:\/\/www.spanco.com\/\",\"name\":\"Spanco\",\"description\":\"Explore Our Products - Materials Handling Solutions\",\"publisher\":{\"@id\":\"https:\/\/www.spanco.com\/#organization\"},\"potentialAction\":[{\"@type\":\"SearchAction\",\"target\":{\"@type\":\"EntryPoint\",\"urlTemplate\":\"https:\/\/www.spanco.com\/?s={search_term_string}\"},\"query-input\":{\"@type\":\"PropertyValueSpecification\",\"valueRequired\":true,\"valueName\":\"search_term_string\"}}],\"inLanguage\":\"es\"},{\"@type\":\"Organization\",\"@id\":\"https:\/\/www.spanco.com\/#organization\",\"name\":\"Spanco\",\"url\":\"https:\/\/www.spanco.com\/\",\"logo\":{\"@type\":\"ImageObject\",\"inLanguage\":\"es\",\"@id\":\"https:\/\/www.spanco.com\/#\/schema\/logo\/image\/\",\"url\":\"https:\/\/www.spanco.com\/wp-content\/uploads\/2020\/07\/SPANCO-logo-tagline.svg\",\"contentUrl\":\"https:\/\/www.spanco.com\/wp-content\/uploads\/2020\/07\/SPANCO-logo-tagline.svg\",\"width\":1,\"height\":1,\"caption\":\"Spanco\"},\"image\":{\"@id\":\"https:\/\/www.spanco.com\/#\/schema\/logo\/image\/\"}}]}<\/script>\n<!-- \/ Yoast SEO plugin. -->","yoast_head_json":{"title":"MOTORES DE MODERNIZACI\u00d3N PARA GR\u00daAS BANDERA - Spanco","description":"Estos equipos de conversi\u00f3n para gr\u00faas bandera son ideales para motorizar la rotaci\u00f3n de cargas m\u00e1s pesadas o cuando la situaci\u00f3n de su \u00e1rea de producci\u00f3n hace que la rotaci\u00f3n manual del brazo sea insegura, poco pr\u00e1ctica o improductiva.","robots":{"index":"index","follow":"follow","max-snippet":"max-snippet:-1","max-image-preview":"max-image-preview:large","max-video-preview":"max-video-preview:-1"},"canonical":"https:\/\/www.spanco.com\/es\/product\/motores-de-modernizacion-para-gruas-bandera\/","og_locale":"es_ES","og_type":"article","og_title":"MOTORES DE MODERNIZACI\u00d3N PARA GR\u00daAS BANDERA - Spanco","og_description":"Estos equipos de conversi\u00f3n para gr\u00faas bandera son ideales para motorizar la rotaci\u00f3n de cargas m\u00e1s pesadas o cuando la situaci\u00f3n de su \u00e1rea de producci\u00f3n hace que la rotaci\u00f3n manual del brazo sea insegura, poco pr\u00e1ctica o improductiva.","og_url":"https:\/\/www.spanco.com\/es\/product\/motores-de-modernizacion-para-gruas-bandera\/","og_site_name":"Spanco","article_modified_time":"2024-02-20T14:44:59+00:00","twitter_card":"summary_large_image","twitter_misc":{"Tiempo de lectura":"1 minuto"},"schema":{"@context":"https:\/\/schema.org","@graph":[{"@type":"WebPage","@id":"https:\/\/www.spanco.com\/es\/product\/motores-de-modernizacion-para-gruas-bandera\/","url":"https:\/\/www.spanco.com\/es\/product\/motores-de-modernizacion-para-gruas-bandera\/","name":"MOTORES DE MODERNIZACI\u00d3N PARA GR\u00daAS BANDERA - Spanco","isPartOf":{"@id":"https:\/\/www.spanco.com\/#website"},"datePublished":"2021-01-25T15:54:13+00:00","dateModified":"2024-02-20T14:44:59+00:00","description":"Estos equipos de conversi\u00f3n para gr\u00faas bandera son ideales para motorizar la rotaci\u00f3n de cargas m\u00e1s pesadas o cuando la situaci\u00f3n de su \u00e1rea de producci\u00f3n hace que la rotaci\u00f3n manual del brazo sea insegura, poco pr\u00e1ctica o improductiva.","breadcrumb":{"@id":"https:\/\/www.spanco.com\/es\/product\/motores-de-modernizacion-para-gruas-bandera\/#breadcrumb"},"inLanguage":"es","potentialAction":[{"@type":"ReadAction","target":["https:\/\/www.spanco.com\/es\/product\/motores-de-modernizacion-para-gruas-bandera\/"]}]},{"@type":"BreadcrumbList","@id":"https:\/\/www.spanco.com\/es\/product\/motores-de-modernizacion-para-gruas-bandera\/#breadcrumb","itemListElement":[{"@type":"ListItem","position":1,"name":"Home","item":"https:\/\/www.spanco.com\/es\/casa\/"},{"@type":"ListItem","position":2,"name":"Products","item":"https:\/\/www.spanco.com\/products\/"},{"@type":"ListItem","position":3,"name":"MOTORES DE MODERNIZACI\u00d3N PARA GR\u00daAS BANDERA"}]},{"@type":"WebSite","@id":"https:\/\/www.spanco.com\/#website","url":"https:\/\/www.spanco.com\/","name":"Spanco","description":"Explore Our Products - Materials Handling Solutions","publisher":{"@id":"https:\/\/www.spanco.com\/#organization"},"potentialAction":[{"@type":"SearchAction","target":{"@type":"EntryPoint","urlTemplate":"https:\/\/www.spanco.com\/?s={search_term_string}"},"query-input":{"@type":"PropertyValueSpecification","valueRequired":true,"valueName":"search_term_string"}}],"inLanguage":"es"},{"@type":"Organization","@id":"https:\/\/www.spanco.com\/#organization","name":"Spanco","url":"https:\/\/www.spanco.com\/","logo":{"@type":"ImageObject","inLanguage":"es","@id":"https:\/\/www.spanco.com\/#\/schema\/logo\/image\/","url":"https:\/\/www.spanco.com\/wp-content\/uploads\/2020\/07\/SPANCO-logo-tagline.svg","contentUrl":"https:\/\/www.spanco.com\/wp-content\/uploads\/2020\/07\/SPANCO-logo-tagline.svg","width":1,"height":1,"caption":"Spanco"},"image":{"@id":"https:\/\/www.spanco.com\/#\/schema\/logo\/image\/"}}]}},"_links":{"self":[{"href":"https:\/\/www.spanco.com\/es\/wp-json\/wp\/v2\/product\/1811","targetHints":{"allow":["GET"]}}],"collection":[{"href":"https:\/\/www.spanco.com\/es\/wp-json\/wp\/v2\/product"}],"about":[{"href":"https:\/\/www.spanco.com\/es\/wp-json\/wp\/v2\/types\/product"}],"wp:attachment":[{"href":"https:\/\/www.spanco.com\/es\/wp-json\/wp\/v2\/media?parent=1811"}],"wp:term":[{"taxonomy":"product_category","embeddable":true,"href":"https:\/\/www.spanco.com\/es\/wp-json\/wp\/v2\/product_category?post=1811"}],"curies":[{"name":"wp","href":"https:\/\/api.w.org\/{rel}","templated":true}]}}