{"id":2533,"date":"2021-04-09T14:39:40","date_gmt":"2021-04-09T18:39:40","guid":{"rendered":"https:\/\/www.spanco.com\/product\/freestanding-monorail-cranes\/"},"modified":"2021-06-09T17:31:43","modified_gmt":"2021-06-09T21:31:43","slug":"freestanding-monorail-cranes","status":"publish","type":"product","link":"https:\/\/www.spanco.com\/es\/product\/freestanding-monorail-cranes\/","title":{"rendered":"Freestanding Monorail Cranes"},"content":{"rendered":"\n<p>Los monorrieles Spanco son ideales para procesos de producci\u00f3n que requieren elevar y mover productos a lo largo de una v\u00eda de paso fijo, como en los procesos de pintado, mover materias primas a las estaciones de trabajo o llevarlos de un almac\u00e9n a otro.<\/p>\n\n\n\n<p>Nuestros monorrieles tienen gran flexibilidad de dise\u00f1o: con curvas, soportes colgantes para pendientes (de hasta 14 grados), varias pistas e interruptores para varios ramales.<\/p>\n\n\n\n<p>Estos econ\u00f3micos monorrieles tambi\u00e9n constituyen una excelente alternativa para \u00e1reas de trabajo a las que no se puede dar servicio con gr\u00faas puente tales como lugares de dif\u00edcil acceso, edificios con techos altos o\u2014con nuestros monorrieles autosoportados\u2014\u00e1reas exteriores sin estructuras a\u00e9reas preexistentes.<\/p>\n","protected":false},"featured_media":0,"parent":0,"template":"","product_category":[90],"class_list":["post-2533","product","type-product","status-publish","hentry","product_category-monorails-es"],"acf":[],"yoast_head":"<!-- This site is optimized with the Yoast SEO plugin v27.0 - https:\/\/yoast.com\/product\/yoast-seo-wordpress\/ -->\n<title>Freestanding Monorail Cranes - Spanco<\/title>\n<meta name=\"robots\" content=\"index, follow, max-snippet:-1, max-image-preview:large, max-video-preview:-1\" \/>\n<link rel=\"canonical\" href=\"https:\/\/www.spanco.com\/es\/product\/freestanding-monorail-cranes\/\" \/>\n<meta property=\"og:locale\" content=\"es_ES\" \/>\n<meta property=\"og:type\" content=\"article\" \/>\n<meta property=\"og:title\" content=\"Freestanding Monorail Cranes - Spanco\" \/>\n<meta property=\"og:description\" content=\"Los monorrieles Spanco son ideales para procesos de producci\u00f3n que requieren elevar y mover productos a lo largo de una v\u00eda de paso fijo, como en los procesos de pintado, mover materias primas a las estaciones de trabajo o llevarlos de un almac\u00e9n a otro. Nuestros monorrieles tienen gran flexibilidad de dise\u00f1o: con curvas, soportes&hellip;\" \/>\n<meta property=\"og:url\" content=\"https:\/\/www.spanco.com\/es\/product\/freestanding-monorail-cranes\/\" \/>\n<meta property=\"og:site_name\" content=\"Spanco\" \/>\n<meta property=\"article:modified_time\" content=\"2021-06-09T21:31:43+00:00\" \/>\n<meta name=\"twitter:card\" content=\"summary_large_image\" \/>\n<meta name=\"twitter:label1\" content=\"Tiempo de lectura\" \/>\n\t<meta name=\"twitter:data1\" content=\"1 minuto\" \/>\n<script type=\"application\/ld+json\" class=\"yoast-schema-graph\">{\"@context\":\"https:\/\/schema.org\",\"@graph\":[{\"@type\":\"WebPage\",\"@id\":\"https:\/\/www.spanco.com\/es\/product\/freestanding-monorail-cranes\/\",\"url\":\"https:\/\/www.spanco.com\/es\/product\/freestanding-monorail-cranes\/\",\"name\":\"Freestanding Monorail Cranes - Spanco\",\"isPartOf\":{\"@id\":\"https:\/\/www.spanco.com\/#website\"},\"datePublished\":\"2021-04-09T18:39:40+00:00\",\"dateModified\":\"2021-06-09T21:31:43+00:00\",\"breadcrumb\":{\"@id\":\"https:\/\/www.spanco.com\/es\/product\/freestanding-monorail-cranes\/#breadcrumb\"},\"inLanguage\":\"es\",\"potentialAction\":[{\"@type\":\"ReadAction\",\"target\":[\"https:\/\/www.spanco.com\/es\/product\/freestanding-monorail-cranes\/\"]}]},{\"@type\":\"BreadcrumbList\",\"@id\":\"https:\/\/www.spanco.com\/es\/product\/freestanding-monorail-cranes\/#breadcrumb\",\"itemListElement\":[{\"@type\":\"ListItem\",\"position\":1,\"name\":\"Home\",\"item\":\"https:\/\/www.spanco.com\/es\/casa\/\"},{\"@type\":\"ListItem\",\"position\":2,\"name\":\"Products\",\"item\":\"https:\/\/www.spanco.com\/products\/\"},{\"@type\":\"ListItem\",\"position\":3,\"name\":\"Freestanding Monorail Cranes\"}]},{\"@type\":\"WebSite\",\"@id\":\"https:\/\/www.spanco.com\/#website\",\"url\":\"https:\/\/www.spanco.com\/\",\"name\":\"Spanco\",\"description\":\"Explore Our Products - Materials Handling Solutions\",\"publisher\":{\"@id\":\"https:\/\/www.spanco.com\/#organization\"},\"potentialAction\":[{\"@type\":\"SearchAction\",\"target\":{\"@type\":\"EntryPoint\",\"urlTemplate\":\"https:\/\/www.spanco.com\/?s={search_term_string}\"},\"query-input\":{\"@type\":\"PropertyValueSpecification\",\"valueRequired\":true,\"valueName\":\"search_term_string\"}}],\"inLanguage\":\"es\"},{\"@type\":\"Organization\",\"@id\":\"https:\/\/www.spanco.com\/#organization\",\"name\":\"Spanco\",\"url\":\"https:\/\/www.spanco.com\/\",\"logo\":{\"@type\":\"ImageObject\",\"inLanguage\":\"es\",\"@id\":\"https:\/\/www.spanco.com\/#\/schema\/logo\/image\/\",\"url\":\"https:\/\/www.spanco.com\/wp-content\/uploads\/2020\/07\/SPANCO-logo-tagline.svg\",\"contentUrl\":\"https:\/\/www.spanco.com\/wp-content\/uploads\/2020\/07\/SPANCO-logo-tagline.svg\",\"width\":1,\"height\":1,\"caption\":\"Spanco\"},\"image\":{\"@id\":\"https:\/\/www.spanco.com\/#\/schema\/logo\/image\/\"}}]}<\/script>\n<!-- \/ Yoast SEO plugin. -->","yoast_head_json":{"title":"Freestanding Monorail Cranes - Spanco","robots":{"index":"index","follow":"follow","max-snippet":"max-snippet:-1","max-image-preview":"max-image-preview:large","max-video-preview":"max-video-preview:-1"},"canonical":"https:\/\/www.spanco.com\/es\/product\/freestanding-monorail-cranes\/","og_locale":"es_ES","og_type":"article","og_title":"Freestanding Monorail Cranes - Spanco","og_description":"Los monorrieles Spanco son ideales para procesos de producci\u00f3n que requieren elevar y mover productos a lo largo de una v\u00eda de paso fijo, como en los procesos de pintado, mover materias primas a las estaciones de trabajo o llevarlos de un almac\u00e9n a otro. Nuestros monorrieles tienen gran flexibilidad de dise\u00f1o: con curvas, soportes&hellip;","og_url":"https:\/\/www.spanco.com\/es\/product\/freestanding-monorail-cranes\/","og_site_name":"Spanco","article_modified_time":"2021-06-09T21:31:43+00:00","twitter_card":"summary_large_image","twitter_misc":{"Tiempo de lectura":"1 minuto"},"schema":{"@context":"https:\/\/schema.org","@graph":[{"@type":"WebPage","@id":"https:\/\/www.spanco.com\/es\/product\/freestanding-monorail-cranes\/","url":"https:\/\/www.spanco.com\/es\/product\/freestanding-monorail-cranes\/","name":"Freestanding Monorail Cranes - Spanco","isPartOf":{"@id":"https:\/\/www.spanco.com\/#website"},"datePublished":"2021-04-09T18:39:40+00:00","dateModified":"2021-06-09T21:31:43+00:00","breadcrumb":{"@id":"https:\/\/www.spanco.com\/es\/product\/freestanding-monorail-cranes\/#breadcrumb"},"inLanguage":"es","potentialAction":[{"@type":"ReadAction","target":["https:\/\/www.spanco.com\/es\/product\/freestanding-monorail-cranes\/"]}]},{"@type":"BreadcrumbList","@id":"https:\/\/www.spanco.com\/es\/product\/freestanding-monorail-cranes\/#breadcrumb","itemListElement":[{"@type":"ListItem","position":1,"name":"Home","item":"https:\/\/www.spanco.com\/es\/casa\/"},{"@type":"ListItem","position":2,"name":"Products","item":"https:\/\/www.spanco.com\/products\/"},{"@type":"ListItem","position":3,"name":"Freestanding Monorail Cranes"}]},{"@type":"WebSite","@id":"https:\/\/www.spanco.com\/#website","url":"https:\/\/www.spanco.com\/","name":"Spanco","description":"Explore Our Products - Materials Handling Solutions","publisher":{"@id":"https:\/\/www.spanco.com\/#organization"},"potentialAction":[{"@type":"SearchAction","target":{"@type":"EntryPoint","urlTemplate":"https:\/\/www.spanco.com\/?s={search_term_string}"},"query-input":{"@type":"PropertyValueSpecification","valueRequired":true,"valueName":"search_term_string"}}],"inLanguage":"es"},{"@type":"Organization","@id":"https:\/\/www.spanco.com\/#organization","name":"Spanco","url":"https:\/\/www.spanco.com\/","logo":{"@type":"ImageObject","inLanguage":"es","@id":"https:\/\/www.spanco.com\/#\/schema\/logo\/image\/","url":"https:\/\/www.spanco.com\/wp-content\/uploads\/2020\/07\/SPANCO-logo-tagline.svg","contentUrl":"https:\/\/www.spanco.com\/wp-content\/uploads\/2020\/07\/SPANCO-logo-tagline.svg","width":1,"height":1,"caption":"Spanco"},"image":{"@id":"https:\/\/www.spanco.com\/#\/schema\/logo\/image\/"}}]}},"_links":{"self":[{"href":"https:\/\/www.spanco.com\/es\/wp-json\/wp\/v2\/product\/2533","targetHints":{"allow":["GET"]}}],"collection":[{"href":"https:\/\/www.spanco.com\/es\/wp-json\/wp\/v2\/product"}],"about":[{"href":"https:\/\/www.spanco.com\/es\/wp-json\/wp\/v2\/types\/product"}],"wp:attachment":[{"href":"https:\/\/www.spanco.com\/es\/wp-json\/wp\/v2\/media?parent=2533"}],"wp:term":[{"taxonomy":"product_category","embeddable":true,"href":"https:\/\/www.spanco.com\/es\/wp-json\/wp\/v2\/product_category?post=2533"}],"curies":[{"name":"wp","href":"https:\/\/api.w.org\/{rel}","templated":true}]}}